{"id":726,"date":"2025-02-18T14:10:17","date_gmt":"2025-02-18T12:10:17","guid":{"rendered":"https:\/\/sisu.ut.ee\/estcan\/?page_id=726"},"modified":"2025-03-05T17:23:35","modified_gmt":"2025-03-05T15:23:35","slug":"vaikeste-liikmesriikide-algatus","status":"publish","type":"page","link":"https:\/\/estcan.ee\/et\/vaikeste-liikmesriikide-algatus\/","title":{"rendered":"V\u00e4ikeste liikmesriikide algatus\u00a0"},"content":{"rendered":"<p>Tulenevalt sellest, et v\u00e4ikestel liikmesriikidel on tervishoiu valdkonnas probleemid, mis v\u00f5ivad olla sarnased suurematele riikidele, aga vajavad ikkagi eraldi t\u00e4helepanu, otsustasid eestvedajad igast riigist tulla kokku, et \u00fchiselt neid probleeme adresseerida.<\/p>\n\n\n\n<p>V\u00e4ikesed liikmesriigid on defineeritud, kui riigid Euroopas, mille populatsioon on alla 3 miljoni inimese. Sellesse v\u00f5rgustikku kuulub kaheksa riiki:<\/p>\n\n\n\n<ul class=\"wp-block-list\">\n<li>Eesti<\/li>\n\n\n\n<li>L\u00e4ti<\/li>\n\n\n\n<li>Leedu<\/li>\n\n\n\n<li>Luksemburg<\/li>\n\n\n\n<li>Sloveenia<\/li>\n\n\n\n<li>Malta<\/li>\n\n\n\n<li>K\u00fcpros<\/li>\n\n\n\n<li>Island<\/li>\n<\/ul>\n\n\n\n<figure class=\"wp-block-image aligncenter size-full is-resized\"><img loading=\"lazy\" decoding=\"async\" width=\"861\" height=\"702\" src=\"https:\/\/sisu.ut.ee\/wp-content\/uploads\/sites\/845\/small_member_states_OECI.png\" alt=\"\" class=\"wp-image-1029\" style=\"width:600px;height:auto\" srcset=\"https:\/\/sisu.ut.ee\/wp-content\/uploads\/sites\/845\/small_member_states_OECI.png 861w, https:\/\/sisu.ut.ee\/wp-content\/uploads\/sites\/845\/small_member_states_OECI-300x245.png 300w, https:\/\/sisu.ut.ee\/wp-content\/uploads\/sites\/845\/small_member_states_OECI-768x626.png 768w\" sizes=\"auto, (max-width: 861px) 100vw, 861px\"><figcaption class=\"wp-element-caption\">Modifitseeritud joonist OECI kodulehel: <a href=\"https:\/\/oeci.eu\/Membership.aspx\" target=\"_blank\" rel=\"noreferrer noopener\">https:\/\/oeci.eu\/Membership.aspx<\/a>\u00a0<\/figcaption><\/figure>\n\n\n\n<p>Selle v\u00f5rgustiku eesm\u00e4rgiks on ka tugevdada v\u00e4ikeste liikmesriikide m\u00f5ju Euroopas, et meid v\u00f5etaks kuulda ning tuua lauale v\u00f5imalused toetada erinevates Euroopa terviseprojektides just v\u00e4iksemaid riike. Suureks probleemiks on akrediteerimiss\u00fcsteemide mittesobivus v\u00e4ikestele liikmesriikidele. Seet\u00f5ttu hetkel ei ole nendes riikides mitte \u00fchtegi OECI poolt akrediteeritud k\u00f5ikeh\u00f5lmavat v\u00e4hikeskust. Kolmes v\u00e4ikeses riigis on akrediteeritud v\u00e4hikeskus, kuid selleks, et me ei j\u00e4\u00e4ks maha muust Euroopast, on meil vaja \u00fchiselt seista selle eest, et ka v\u00e4ikestesse liikmesriikidesse saaksid k\u00f5ikeh\u00f5lmavad v\u00e4hikeskused, mis v\u00f5imaldavad patsientidele parimat ravi.<\/p>\n\n\n\n<p>V\u00f5rgustiku esimene f\u00fc\u00fcsiline kohtumine toimus 18.09.2024 Br\u00fcsselis Eesti saatkonnas.<\/p>\n\n\n\n<figure class=\"wp-block-image aligncenter size-full is-resized\"><img loading=\"lazy\" decoding=\"async\" width=\"898\" height=\"1011\" src=\"https:\/\/sisu.ut.ee\/wp-content\/uploads\/sites\/845\/small_members_meeting_18aug2024.jpg\" alt=\"\" class=\"wp-image-1032\" style=\"width:600px\" srcset=\"https:\/\/sisu.ut.ee\/wp-content\/uploads\/sites\/845\/small_members_meeting_18aug2024.jpg 898w, https:\/\/sisu.ut.ee\/wp-content\/uploads\/sites\/845\/small_members_meeting_18aug2024-266x300.jpg 266w, https:\/\/sisu.ut.ee\/wp-content\/uploads\/sites\/845\/small_members_meeting_18aug2024-768x865.jpg 768w\" sizes=\"auto, (max-width: 898px) 100vw, 898px\"><\/figure>\n\n\n\n<p>J\u00e4rgmiseks on plaanis veebikohtumine kevadel 2025, kus arutada juba t\u00e4psemalt, kuidas edasi liigume, millised teemad vajavad kohest t\u00e4helepanu ja kuidas me v\u00f5rgustiku formaliseerime. Praegusel hetkel keskendume me v\u00e4hile, kuid tulevikus on v\u00f5imalus kanda lahendused \u00fcle ka teistele haigustele.<\/p>\n\n\n\n<p><\/p>\n\n\n\n<p>ESTCAN poolsed kontaktisikud: Kadi-Liis Veiman, <a href=\"mailto:kadi-liis.veiman@ut.ee\" target=\"_blank\" rel=\"noreferrer noopener\">kadi-liis.veiman@ut.ee<\/a> ja Anni Lepland, <a href=\"mailto:anni.lepland@ut.ee\" target=\"_blank\" rel=\"noreferrer noopener\">anni.lepland@ut.ee<\/a>\u00a0<\/p>\n","protected":false},"excerpt":{"rendered":"<p>Tulenevalt sellest, et v\u00e4ikestel liikmesriikidel on tervishoiu valdkonnas probleemid, mis v\u00f5ivad olla sarnased suurematele riikidele, aga vajavad ikkagi eraldi t\u00e4helepanu, otsustasid eestvedajad igast riigist tulla kokku, et \u00fchiselt neid probleeme adresseerida. V\u00e4ikesed liikmesriigid on defineeritud, kui riigid Euroopas, mille populatsioon &#8230;<\/p>\n","protected":false},"author":703,"featured_media":0,"parent":0,"menu_order":0,"comment_status":"closed","ping_status":"closed","template":"","meta":{"_acf_changed":false,"inline_featured_image":false,"footnotes":""},"class_list":["post-726","page","type-page","status-publish","hentry"],"acf":[],"_links":{"self":[{"href":"https:\/\/estcan.ee\/et\/wp-json\/wp\/v2\/pages\/726","targetHints":{"allow":["GET"]}}],"collection":[{"href":"https:\/\/estcan.ee\/et\/wp-json\/wp\/v2\/pages"}],"about":[{"href":"https:\/\/estcan.ee\/et\/wp-json\/wp\/v2\/types\/page"}],"author":[{"embeddable":true,"href":"https:\/\/estcan.ee\/et\/wp-json\/wp\/v2\/users\/703"}],"replies":[{"embeddable":true,"href":"https:\/\/estcan.ee\/et\/wp-json\/wp\/v2\/comments?post=726"}],"version-history":[{"count":5,"href":"https:\/\/estcan.ee\/et\/wp-json\/wp\/v2\/pages\/726\/revisions"}],"predecessor-version":[{"id":1059,"href":"https:\/\/estcan.ee\/et\/wp-json\/wp\/v2\/pages\/726\/revisions\/1059"}],"wp:attachment":[{"href":"https:\/\/estcan.ee\/et\/wp-json\/wp\/v2\/media?parent=726"}],"curies":[{"name":"wp","href":"https:\/\/api.w.org\/{rel}","templated":true}]}}