{"id":722,"date":"2025-02-18T14:10:55","date_gmt":"2025-02-18T12:10:55","guid":{"rendered":"https:\/\/sisu.ut.ee\/estcan\/?page_id=722"},"modified":"2025-03-05T13:51:41","modified_gmt":"2025-03-05T11:51:41","slug":"pohjamaade-ja-baltikumi-vorgustik","status":"publish","type":"page","link":"https:\/\/estcan.ee\/et\/pohjamaade-ja-baltikumi-vorgustik\/","title":{"rendered":"P\u00f5hjamaade ja Baltikumi v\u00f5rgustik\u00a0"},"content":{"rendered":"<p>P\u00f5hjamaade ja Balti riikide v\u00f5rgustiku eesm\u00e4rgiks on edendada v\u00e4higa seotud teemade olulisust nendes riikides. T\u00e4psemalt on praegu eesm\u00e4rkideks seatud:<\/p>\n\n\n\n<ul class=\"wp-block-list\">\n<li>Koost\u00f6\u00f6 keskuste vahel, et jagada parimaid praktikaid, ressursse ja teadmisi<\/li>\n\n\n\n<li>V\u00f5rgustiku tegevused peavad aitama riikidel saavutada Euroopa v\u00e4hit\u00f5rje tegevuskavas seatud eesm\u00e4rke<\/li>\n\n\n\n<li>V\u00f5rgustik toetab uute k\u00f5ikeh\u00f5lmavate v\u00e4hikeskuste tekkimist<\/li>\n\n\n\n<li>V\u00f5rgustik teeb koost\u00f6\u00f6d, et suurendada P\u00f5hjamaade ja Balti riikide osalust erinevates Euroopa projektides<\/li>\n<\/ul>\n\n\n\n<p>V\u00f5rgustiku esimene kohtumine toimus juunis 2024 Eesti saatkonnas Helsinkis, teine kohtumine detsembris 2025 Riias ja kolmas toimub juunis 2025 Kopenhaagenis. Selle kohtumise eesm\u00e4rgiks oleks panna paika t\u00e4psed eesm\u00e4rgid ja formaliseerimise vorm. \u00a0<\/p>\n\n\n\n<figure class=\"wp-block-image aligncenter size-large is-resized\"><img loading=\"lazy\" decoding=\"async\" width=\"1024\" height=\"768\" src=\"https:\/\/sisu.ut.ee\/wp-content\/uploads\/sites\/845\/nordic_baltic_jun2024-1024x768.jpg\" alt=\"\" class=\"wp-image-1025\" style=\"width:600px\" srcset=\"https:\/\/sisu.ut.ee\/wp-content\/uploads\/sites\/845\/nordic_baltic_jun2024-1024x768.jpg 1024w, https:\/\/sisu.ut.ee\/wp-content\/uploads\/sites\/845\/nordic_baltic_jun2024-300x225.jpg 300w, https:\/\/sisu.ut.ee\/wp-content\/uploads\/sites\/845\/nordic_baltic_jun2024-768x576.jpg 768w, https:\/\/sisu.ut.ee\/wp-content\/uploads\/sites\/845\/nordic_baltic_jun2024.jpg 1420w\" sizes=\"auto, (max-width: 1024px) 100vw, 1024px\"><\/figure>\n\n\n\n<p>ESTCAN poolsed kontaktisikud: Kadi-Liis Veiman, <a href=\"mailto:kadi-liis.veiman@ut.ee\" target=\"_blank\" rel=\"noreferrer noopener\">kadi-liis.veiman@ut.ee<\/a> ja Anni Lepland, <a href=\"mailto:anni.lepland@ut.ee\" target=\"_blank\" rel=\"noreferrer noopener\">anni.lepland@ut.ee<\/a>\u00a0<\/p>\n","protected":false},"excerpt":{"rendered":"<p>P\u00f5hjamaade ja Balti riikide v\u00f5rgustiku eesm\u00e4rgiks on edendada v\u00e4higa seotud teemade olulisust nendes riikides. T\u00e4psemalt on praegu eesm\u00e4rkideks seatud: V\u00f5rgustiku esimene kohtumine toimus juunis 2024 Eesti saatkonnas Helsinkis, teine kohtumine detsembris 2025 Riias ja kolmas toimub juunis 2025 Kopenhaagenis. Selle &#8230;<\/p>\n","protected":false},"author":703,"featured_media":0,"parent":0,"menu_order":0,"comment_status":"closed","ping_status":"closed","template":"","meta":{"_acf_changed":false,"inline_featured_image":false,"footnotes":""},"class_list":["post-722","page","type-page","status-publish","hentry"],"acf":[],"_links":{"self":[{"href":"https:\/\/estcan.ee\/et\/wp-json\/wp\/v2\/pages\/722","targetHints":{"allow":["GET"]}}],"collection":[{"href":"https:\/\/estcan.ee\/et\/wp-json\/wp\/v2\/pages"}],"about":[{"href":"https:\/\/estcan.ee\/et\/wp-json\/wp\/v2\/types\/page"}],"author":[{"embeddable":true,"href":"https:\/\/estcan.ee\/et\/wp-json\/wp\/v2\/users\/703"}],"replies":[{"embeddable":true,"href":"https:\/\/estcan.ee\/et\/wp-json\/wp\/v2\/comments?post=722"}],"version-history":[{"count":3,"href":"https:\/\/estcan.ee\/et\/wp-json\/wp\/v2\/pages\/722\/revisions"}],"predecessor-version":[{"id":1027,"href":"https:\/\/estcan.ee\/et\/wp-json\/wp\/v2\/pages\/722\/revisions\/1027"}],"wp:attachment":[{"href":"https:\/\/estcan.ee\/et\/wp-json\/wp\/v2\/media?parent=722"}],"curies":[{"name":"wp","href":"https:\/\/api.w.org\/{rel}","templated":true}]}}