{"id":646,"date":"2025-02-18T09:59:08","date_gmt":"2025-02-18T07:59:08","guid":{"rendered":"https:\/\/sisu.ut.ee\/estcan\/?page_id=646"},"modified":"2025-07-01T12:06:28","modified_gmt":"2025-07-01T09:06:28","slug":"partnerite-projektid","status":"publish","type":"page","link":"https:\/\/estcan.ee\/et\/partnerite-projektid\/","title":{"rendered":"Partnerite projektid"},"content":{"rendered":"<p><\/p>\n\n\n\n<h2 class=\"wp-block-heading\">PCM4EU\u00a0<\/h2>\n\n\n\n<p>Projekt on jaotatud kuude t\u00f6\u00f6paketti, mille k\u00e4igus kaardistatakse v\u00e4hi moelkulaardiagnostika erinevates riikides, toetatakse uute Drug Rediscovery Protocol (DRUP) kliiniliste uuringute loomist, t\u00f6\u00f6tatakse v\u00e4lja juhised, kuidas panna kokku molekulaarset onkokonsiilumit, tuginedes osalevate riikide kogemusele ning kuidas tuua ravimid ja kliinilised uuringud patsiendile koju k\u00e4tte ja kuidas soovi korral saaks patsient minna lihtsamini teise Euroopa riiki ravile.<\/p>\n\n\n\n<p>PCM4EU projekti raames on tehtud taskuh\u00e4\u00e4linguid erinevatel teemadel, mis on leitavad <a href=\"https:\/\/www.youtube.com\/@PCM4EU\/videos\">PCM4EU Youtube\u00b4st! <\/a><\/p>\n\n\n\n<p>Projektist l\u00e4hemalt <a href=\"https:\/\/www.matrix-fkb.no\/en\/pcm4eu\/home\">PCM4EU kodulehek\u00fcljelt!<\/a><\/p>\n\n\n\n<h2 class=\"wp-block-heading\">PRIME-ROSE\u00a0<\/h2>\n\n\n\n<p>PRIME-ROSE projekti visiooniks on tagada juurdep\u00e4\u00e4s taskukohasele personaliseeritud t\u00e4ppisv\u00e4hiravile, mis v\u00f5imaldaks pikendada v\u00e4hihaigete v\u00f5imalikult kvaliteetset eluaega. PRIME-ROSE konsortsium kasutab olemasolevaid adaptiivseid ja pragmaatilisi kliiniliste uuringute platvorme, et vastata v\u00f5tmek\u00fcsimustele kliinilise t\u00f5hususe kohta, anda tervise-majanduslikke hinnanguid ja aidata kaasa teaduse arengule erinevate v\u00e4hivormide puhul. Eelk\u00f5ige suurendab PRIME-ROSE riikidevahelise koost\u00f6\u00f6 suutlikkust ning v\u00f5imaldab uuringutevahelist andmete koondamist ja anal\u00fc\u00fcsi, algatab piiri\u00fcleseid \u00fchiseid kohorte ja annab tervise-majanduslikke hinnanguid. Eduka rakendamise tagamiseks teeb konsortsium koost\u00f6\u00f6d reguleerivate asutuste, poliitikakujundajate, rahastajate, tervishoiuteenuste osutajate ja patsientide toetusr\u00fchmadega, et rakendada t\u00f5enditel p\u00f5hinevat PCM-i tavapraktikas ja k\u00e4sitleda juurdep\u00e4\u00e4su ebav\u00f5rdsusi. Seega k\u00e4sitleb PRIME-ROSE peamisi teaduslikke ja metodoloogilisi k\u00fcsimusi, et kiirendada laialdast ja v\u00f5rdset juurdep\u00e4\u00e4su uutele ja t\u00f5husatele v\u00e4hiravimeetoditele.<\/p>\n\n\n\n<p>Projektist l\u00e4hemalt <a href=\"https:\/\/www.matrix-fkb.no\/en\/prime-rose\/home\">PRIME-ROSE kodulehek\u00fcljelt!<\/a><\/p>\n","protected":false},"excerpt":{"rendered":"<p>PCM4EU\u00a0 Projekt on jaotatud kuude t\u00f6\u00f6paketti, mille k\u00e4igus kaardistatakse v\u00e4hi moelkulaardiagnostika erinevates riikides, toetatakse uute Drug Rediscovery Protocol (DRUP) kliiniliste uuringute loomist, t\u00f6\u00f6tatakse v\u00e4lja juhised, kuidas panna kokku molekulaarset onkokonsiilumit, tuginedes osalevate riikide kogemusele ning kuidas tuua ravimid ja kliinilised &#8230;<\/p>\n","protected":false},"author":703,"featured_media":0,"parent":0,"menu_order":0,"comment_status":"closed","ping_status":"closed","template":"","meta":{"_acf_changed":false,"inline_featured_image":false,"footnotes":""},"class_list":["post-646","page","type-page","status-publish","hentry"],"acf":[],"_links":{"self":[{"href":"https:\/\/estcan.ee\/et\/wp-json\/wp\/v2\/pages\/646","targetHints":{"allow":["GET"]}}],"collection":[{"href":"https:\/\/estcan.ee\/et\/wp-json\/wp\/v2\/pages"}],"about":[{"href":"https:\/\/estcan.ee\/et\/wp-json\/wp\/v2\/types\/page"}],"author":[{"embeddable":true,"href":"https:\/\/estcan.ee\/et\/wp-json\/wp\/v2\/users\/703"}],"replies":[{"embeddable":true,"href":"https:\/\/estcan.ee\/et\/wp-json\/wp\/v2\/comments?post=646"}],"version-history":[{"count":7,"href":"https:\/\/estcan.ee\/et\/wp-json\/wp\/v2\/pages\/646\/revisions"}],"predecessor-version":[{"id":1554,"href":"https:\/\/estcan.ee\/et\/wp-json\/wp\/v2\/pages\/646\/revisions\/1554"}],"wp:attachment":[{"href":"https:\/\/estcan.ee\/et\/wp-json\/wp\/v2\/media?parent=646"}],"curies":[{"name":"wp","href":"https:\/\/api.w.org\/{rel}","templated":true}]}}