{"id":603,"date":"2025-02-17T10:46:58","date_gmt":"2025-02-17T08:46:58","guid":{"rendered":"https:\/\/sisu.ut.ee\/estcan\/?page_id=603"},"modified":"2025-07-08T11:09:20","modified_gmt":"2025-07-08T08:09:20","slug":"raportid-2","status":"publish","type":"page","link":"https:\/\/estcan.ee\/et\/raportid-2\/","title":{"rendered":"Strateegiad"},"content":{"rendered":"<p><\/p>\n\n\n\n<h2 class=\"wp-block-heading has-extra-large-font-size\">HPVst p\u00f5hjustatud v\u00e4hkide elimineerimise strateegia<\/h2>\n\n\n\n<p>Eesti v\u00e4hit\u00f5rje v\u00f5rgustiku eestvedamisel on alustatud <strong>HPV ehk inimese papiloomviirusest p\u00f5hjustatud v\u00e4hkide elimineerimise strateegialoomega<\/strong>. <\/p>\n\n\n\n<p>Strateegialoome esimesel \u00fcmarlaual 4. septembril 2024 tegid Eesti eksperdid \u00fclevaate HPV-st p\u00f5hjustatud v\u00e4hkidest ja olukorrast Eestis.\u00a0 HPV puudutab t\u00e4na kogu Eesti elanikkonda. Iga 26-s v\u00e4hkkasvaja Eestis on p\u00f5hjustatud nakatumisest viirusega HPV, mis on v\u00e4lditav. \u00dchiselt m\u00f5isteti teema vajalikkust v\u00e4hijuhtude ja v\u00e4hisurmade ennetamiseks ja otsustati HPV-st p\u00f5hjustatud v\u00e4hkide elimineerimise strateegialoomega Eestis edasi minna. HP-viirus tervikuna on hetkel fookuses ka Euroopa Liidu tasandil tasandil.\u00a0<\/p>\n\n\n\n<p>2024. a 5. detsembril toimus teine \u00fcmarlaud, kus maailmakohviku meetodil toimunud aruteluga kogusid 32 sidusr\u00fchmade esindajat m\u00f5tteid HPV-st p\u00f5hjustatud v\u00e4hkide elimineerimiseks vajalike tegevuste osas. Tartu \u00dclikooli kommunikatsiooniuuringute nooremteaduri ja Baltic ID partneri Kristina Seimanni eestvedamisel ja \u00fcheskoos Tervisekassa, Terviseameti ja Sotsiaalministeeriumi esindajatega anal\u00fc\u00fcsiti \u00fcmarlaua ideekorje tulemusi. Ideekorje tulemuste alusel on koostatud esimesed fookusteemad.<\/p>\n\n\n\n<p>Kolmas erinevate ekspertide \u00fcmarlaud toimus 4. m\u00e4rtsil 2025, mil t\u00e4histatakse ka \u00fclemaailmset HPV teadvustamise p\u00e4eva.\u00a0<\/p>\n\n\n\n<h2 class=\"wp-block-heading has-extra-large-font-size\"><a href=\"http:\/\/chrome-extension:\/\/efaidnbmnnnibpcajpcglclefindmkaj\/https:\/\/www.sm.ee\/sites\/default\/files\/documents\/2025-02\/Esmatasandi%20tervishoiu%20arengukava%202035.pdf\" data-type=\"link\" data-id=\"chrome-extension:\/\/efaidnbmnnnibpcajpcglclefindmkaj\/https:\/\/www.sm.ee\/sites\/default\/files\/documents\/2025-02\/Esmatasandi%20tervishoiu%20arengukava%202035.pdf\" target=\"_blank\" rel=\"noreferrer noopener\">Esmatasandi tervishoiu arengugava 2025-2035<\/a><\/h2>\n\n\n\n<h2 class=\"wp-block-heading has-extra-large-font-size\"><a href=\"http:\/\/chrome-extension:\/\/efaidnbmnnnibpcajpcglclefindmkaj\/https:\/\/sm.ee\/sites\/default\/files\/documents\/2024-01\/Personaalmeditsiini%20pikaajaline%20programm%20aastateks%202024%E2%80%932034%20-%20l%C3%B5ppraport.pdf\" target=\"_blank\" rel=\"noreferrer noopener\">Personaalmeditsiini pikaajaline programm aastateks 2024\u20132034<\/a><\/h2>\n\n\n\n<h2 class=\"wp-block-heading has-extra-large-font-size\"><a href=\"https:\/\/sm.ee\/uudised\/e-tervise-strateegias-nahakse-jargmise-tiigrihuppe-voimalust\" data-type=\"link\" data-id=\"https:\/\/sm.ee\/uudised\/e-tervise-strateegias-nahakse-jargmise-tiigrihuppe-voimalust\" target=\"_blank\" rel=\"noreferrer noopener\">E-tervise strateegia<\/a><\/h2>\n","protected":false},"excerpt":{"rendered":"<p>HPVst p\u00f5hjustatud v\u00e4hkide elimineerimise strateegia Eesti v\u00e4hit\u00f5rje v\u00f5rgustiku eestvedamisel on alustatud HPV ehk inimese papiloomviirusest p\u00f5hjustatud v\u00e4hkide elimineerimise strateegialoomega. Strateegialoome esimesel \u00fcmarlaual 4. septembril 2024 tegid Eesti eksperdid \u00fclevaate HPV-st p\u00f5hjustatud v\u00e4hkidest ja olukorrast Eestis.\u00a0 HPV puudutab t\u00e4na kogu Eesti &#8230;<\/p>\n","protected":false},"author":703,"featured_media":0,"parent":0,"menu_order":0,"comment_status":"closed","ping_status":"closed","template":"","meta":{"_acf_changed":false,"inline_featured_image":false,"footnotes":""},"class_list":["post-603","page","type-page","status-publish","hentry"],"acf":[],"_links":{"self":[{"href":"https:\/\/estcan.ee\/et\/wp-json\/wp\/v2\/pages\/603","targetHints":{"allow":["GET"]}}],"collection":[{"href":"https:\/\/estcan.ee\/et\/wp-json\/wp\/v2\/pages"}],"about":[{"href":"https:\/\/estcan.ee\/et\/wp-json\/wp\/v2\/types\/page"}],"author":[{"embeddable":true,"href":"https:\/\/estcan.ee\/et\/wp-json\/wp\/v2\/users\/703"}],"replies":[{"embeddable":true,"href":"https:\/\/estcan.ee\/et\/wp-json\/wp\/v2\/comments?post=603"}],"version-history":[{"count":10,"href":"https:\/\/estcan.ee\/et\/wp-json\/wp\/v2\/pages\/603\/revisions"}],"predecessor-version":[{"id":1562,"href":"https:\/\/estcan.ee\/et\/wp-json\/wp\/v2\/pages\/603\/revisions\/1562"}],"wp:attachment":[{"href":"https:\/\/estcan.ee\/et\/wp-json\/wp\/v2\/media?parent=603"}],"curies":[{"name":"wp","href":"https:\/\/api.w.org\/{rel}","templated":true}]}}