{"id":599,"date":"2025-02-17T10:45:28","date_gmt":"2025-02-17T08:45:28","guid":{"rendered":"https:\/\/sisu.ut.ee\/estcan\/?page_id=599"},"modified":"2025-03-10T09:36:21","modified_gmt":"2025-03-10T07:36:21","slug":"kommunikatsiooni-strateegia","status":"publish","type":"page","link":"https:\/\/estcan.ee\/et\/kommunikatsiooni-strateegia\/","title":{"rendered":"Kommunikatsioonistrateegia"},"content":{"rendered":"<p>Eesti v\u00e4hit\u00f5rje v\u00f5rgustiku kommunikatsioonistrateegia t\u00f6\u00f6tati v\u00e4lja koost\u00f6\u00f6s asutajaliikmete ja s\u00f5numiagentuuri Akkadianiga. Strateegiadokumendi kokkupanekule eelnes hetkeolukorra kaardistamine, intervjuud sidusr\u00fchmadega ning t\u00f6\u00f6tuba eesm\u00e4rkide ja prioriteetide m\u00e4\u00e4ratlemiseks.<\/p>\n\n\n\n<figure class=\"wp-block-image size-full\"><img loading=\"lazy\" decoding=\"async\" width=\"945\" height=\"502\" src=\"https:\/\/sisu.ut.ee\/wp-content\/uploads\/sites\/845\/image-9.png\" alt=\"\" class=\"wp-image-1052\" srcset=\"https:\/\/sisu.ut.ee\/wp-content\/uploads\/sites\/845\/image-9.png 945w, https:\/\/sisu.ut.ee\/wp-content\/uploads\/sites\/845\/image-9-300x159.png 300w, https:\/\/sisu.ut.ee\/wp-content\/uploads\/sites\/845\/image-9-768x408.png 768w\" sizes=\"auto, (max-width: 945px) 100vw, 945px\"><\/figure>\n\n\n\n<p>Kommunikatsioonistrateegias s\u00f5nastati ka prioriteetsed tegevussuunad, millest Eesti v\u00e4hit\u00f5rje v\u00f5rgustik oma tegevustes l\u00e4htub.<\/p>\n\n\n\n<figure class=\"wp-block-image size-full is-resized\"><img loading=\"lazy\" decoding=\"async\" width=\"945\" height=\"470\" src=\"https:\/\/sisu.ut.ee\/wp-content\/uploads\/sites\/845\/image-10.png\" alt=\"\" class=\"wp-image-1055\" style=\"width:933px;height:auto\" srcset=\"https:\/\/sisu.ut.ee\/wp-content\/uploads\/sites\/845\/image-10.png 945w, https:\/\/sisu.ut.ee\/wp-content\/uploads\/sites\/845\/image-10-300x149.png 300w, https:\/\/sisu.ut.ee\/wp-content\/uploads\/sites\/845\/image-10-768x382.png 768w\" sizes=\"auto, (max-width: 945px) 100vw, 945px\"><\/figure>\n\n\n\n<p>Kommunikatsioonistrateegiaga k\u00e4ib kaasas ka tegevuskava, mida igal aastal uuendatakse. Loe kommunikatsioonistrateegia kohta t\u00e4psemalt siin:<\/p>\n\n\n\n<div data-wp-interactive=\"core\/file\" class=\"wp-block-file\"><object data-wp-bind--hidden=\"!state.hasPdfPreview\" hidden class=\"wp-block-file__embed\" data=\"https:\/\/estcan.ee\/wp-content\/uploads\/sites\/845\/ESTCAN_kommunikatsioonistrateegia-2025-2027.pdf\" type=\"application\/pdf\" style=\"width:100%;height:600px\" aria-label=\"Lisa ESTCAN_kommunikatsioonistrateegia 2025-2027.\"><\/object><a id=\"wp-block-file--media-fcf51b1d-fd58-40d7-9889-e3605b6eb4f1\" href=\"https:\/\/estcan.ee\/wp-content\/uploads\/sites\/845\/ESTCAN_kommunikatsioonistrateegia-2025-2027.pdf\">ESTCAN_kommunikatsioonistrateegia 2025-2027<\/a><a href=\"https:\/\/estcan.ee\/wp-content\/uploads\/sites\/845\/ESTCAN_kommunikatsioonistrateegia-2025-2027.pdf\" class=\"wp-block-file__button wp-element-button\" download aria-describedby=\"wp-block-file--media-fcf51b1d-fd58-40d7-9889-e3605b6eb4f1\">Download<\/a><\/div>\n","protected":false},"excerpt":{"rendered":"<p>Eesti v\u00e4hit\u00f5rje v\u00f5rgustiku kommunikatsioonistrateegia t\u00f6\u00f6tati v\u00e4lja koost\u00f6\u00f6s asutajaliikmete ja s\u00f5numiagentuuri Akkadianiga. Strateegiadokumendi kokkupanekule eelnes hetkeolukorra kaardistamine, intervjuud sidusr\u00fchmadega ning t\u00f6\u00f6tuba eesm\u00e4rkide ja prioriteetide m\u00e4\u00e4ratlemiseks. Kommunikatsioonistrateegias s\u00f5nastati ka prioriteetsed tegevussuunad, millest Eesti v\u00e4hit\u00f5rje v\u00f5rgustik oma tegevustes l\u00e4htub. Kommunikatsioonistrateegiaga k\u00e4ib kaasas ka &#8230;<\/p>\n","protected":false},"author":703,"featured_media":0,"parent":0,"menu_order":0,"comment_status":"closed","ping_status":"closed","template":"","meta":{"_acf_changed":false,"inline_featured_image":false,"footnotes":""},"class_list":["post-599","page","type-page","status-publish","hentry"],"acf":[],"_links":{"self":[{"href":"https:\/\/estcan.ee\/et\/wp-json\/wp\/v2\/pages\/599","targetHints":{"allow":["GET"]}}],"collection":[{"href":"https:\/\/estcan.ee\/et\/wp-json\/wp\/v2\/pages"}],"about":[{"href":"https:\/\/estcan.ee\/et\/wp-json\/wp\/v2\/types\/page"}],"author":[{"embeddable":true,"href":"https:\/\/estcan.ee\/et\/wp-json\/wp\/v2\/users\/703"}],"replies":[{"embeddable":true,"href":"https:\/\/estcan.ee\/et\/wp-json\/wp\/v2\/comments?post=599"}],"version-history":[{"count":5,"href":"https:\/\/estcan.ee\/et\/wp-json\/wp\/v2\/pages\/599\/revisions"}],"predecessor-version":[{"id":1096,"href":"https:\/\/estcan.ee\/et\/wp-json\/wp\/v2\/pages\/599\/revisions\/1096"}],"wp:attachment":[{"href":"https:\/\/estcan.ee\/et\/wp-json\/wp\/v2\/media?parent=599"}],"curies":[{"name":"wp","href":"https:\/\/api.w.org\/{rel}","templated":true}]}}