{"id":572,"date":"2025-02-17T10:23:33","date_gmt":"2025-02-17T08:23:33","guid":{"rendered":"https:\/\/sisu.ut.ee\/estcan\/?page_id=572"},"modified":"2025-02-17T10:31:39","modified_gmt":"2025-02-17T08:31:39","slug":"uudiskirjad","status":"publish","type":"page","link":"https:\/\/estcan.ee\/et\/uudiskirjad\/","title":{"rendered":"Uudiskirjad"},"content":{"rendered":"<div class=\"posts-list-block my-4\">\n\t\t\t\t\t\t\t\t\t\t\t\t\t\t\t<article class=\"post-2092 post type-post status-publish format-standard has-post-thumbnail hentry category-uudised-2 category-uudised category-uudiskiri category-uudiskirjad\">\n  <a href=\"https:\/\/estcan.ee\/et\/uudiskiri-marts-2026\/\" class=\"article-card--list d-flex flex-row text-black pb-1 mb-1 border-bottom\">\n    <div class=\"w-25 flex-shrink-0\">\n              <img loading=\"lazy\" decoding=\"async\" width=\"150\" height=\"150\" src=\"https:\/\/sisu.ut.ee\/wp-content\/uploads\/sites\/845\/EUnetCCC-WP4-Pilot-Meeting-in-Tallinn-04.03-1-150x150.jpeg\" class=\"img-fluid article-card__img wp-post-image\" alt=\"\">\n          <\/div>\n    <div class=\"d-flex flex-column w-100 ms-2\">\n      <h3 class=\"h5 text-sm mb-1\">Uudiskiri m\u00e4rts 2026<\/h3>\n      <time class=\"post-date d-block mt-auto text-end text-xs w-100\" datetime=\"2026-04-08T06:28:21+00:00\">\n        aprill 8, 2026\n      <\/time>\n    <\/div>\n  <\/a>\n<\/article>\n\t\t\t\t\t\t\t\t\t\t\t<article class=\"post-2028 post type-post status-publish format-standard has-post-thumbnail hentry category-uudised category-uudised-2 category-uudiskiri category-uudiskirjad\">\n  <a href=\"https:\/\/estcan.ee\/et\/uudiskiri-veebruar-2026\/\" class=\"article-card--list d-flex flex-row text-black pb-1 mb-1 border-bottom\">\n    <div class=\"w-25 flex-shrink-0\">\n              <img loading=\"lazy\" decoding=\"async\" width=\"150\" height=\"150\" src=\"https:\/\/sisu.ut.ee\/wp-content\/uploads\/sites\/845\/Aastaauhinnad-grupifoto-150x150.jpeg\" class=\"img-fluid article-card__img wp-post-image\" alt=\"\">\n          <\/div>\n    <div class=\"d-flex flex-column w-100 ms-2\">\n      <h3 class=\"h5 text-sm mb-1\">Uudiskiri veebruar 2026<\/h3>\n      <time class=\"post-date d-block mt-auto text-end text-xs w-100\" datetime=\"2026-03-06T14:41:10+00:00\">\n        m\u00e4rts 6, 2026\n      <\/time>\n    <\/div>\n  <\/a>\n<\/article>\n\t\t\t\t\t\t\t\t\t\t\t<article class=\"post-1968 post type-post status-publish format-standard has-post-thumbnail hentry category-uudised category-uudised-2 category-uudiskiri\">\n  <a href=\"https:\/\/estcan.ee\/et\/uudiskiri-jaanuar-2026\/\" class=\"article-card--list d-flex flex-row text-black pb-1 mb-1 border-bottom\">\n    <div class=\"w-25 flex-shrink-0\">\n              <img loading=\"lazy\" decoding=\"async\" width=\"150\" height=\"150\" src=\"https:\/\/sisu.ut.ee\/wp-content\/uploads\/sites\/845\/Kaire-Innos-5-foto_Arno-Mikkor-150x150.jpg\" class=\"img-fluid article-card__img wp-post-image\" alt=\"\">\n          <\/div>\n    <div class=\"d-flex flex-column w-100 ms-2\">\n      <h3 class=\"h5 text-sm mb-1\">Uudiskiri jaanuar 2026<\/h3>\n      <time class=\"post-date d-block mt-auto text-end text-xs w-100\" datetime=\"2026-02-10T09:46:22+00:00\">\n        veebruar 10, 2026\n      <\/time>\n    <\/div>\n  <\/a>\n<\/article>\n\t\t\t\t\t\t\t\t\t\t\t<article class=\"post-1881 post type-post status-publish format-standard has-post-thumbnail hentry category-uudised category-uudiskiri\">\n  <a href=\"https:\/\/estcan.ee\/et\/uudiskiri-detsember-2025\/\" class=\"article-card--list d-flex flex-row text-black pb-1 mb-1 border-bottom\">\n    <div class=\"w-25 flex-shrink-0\">\n              <img loading=\"lazy\" decoding=\"async\" width=\"150\" height=\"150\" src=\"https:\/\/sisu.ut.ee\/wp-content\/uploads\/sites\/845\/Joulukaart-150x150.png\" class=\"img-fluid article-card__img wp-post-image\" alt=\"\">\n          <\/div>\n    <div class=\"d-flex flex-column w-100 ms-2\">\n      <h3 class=\"h5 text-sm mb-1\">Uudiskiri detsember 2025<\/h3>\n      <time class=\"post-date d-block mt-auto text-end text-xs w-100\" datetime=\"2025-12-31T09:22:54+00:00\">\n        detsember 31, 2025\n      <\/time>\n    <\/div>\n  <\/a>\n<\/article>\n\t\t\t\t\t\t\t\t\t\t\t<article class=\"post-1818 post type-post status-publish format-standard has-post-thumbnail hentry category-uudised category-uudiskiri\">\n  <a href=\"https:\/\/estcan.ee\/et\/uudiskiri-november-2025\/\" class=\"article-card--list d-flex flex-row text-black pb-1 mb-1 border-bottom\">\n    <div class=\"w-25 flex-shrink-0\">\n              <img loading=\"lazy\" decoding=\"async\" width=\"150\" height=\"150\" src=\"https:\/\/sisu.ut.ee\/wp-content\/uploads\/sites\/845\/ESTCAN-1-150x150.jpg\" class=\"img-fluid article-card__img wp-post-image\" alt=\"\">\n          <\/div>\n    <div class=\"d-flex flex-column w-100 ms-2\">\n      <h3 class=\"h5 text-sm mb-1\">Uudiskiri november 2025<\/h3>\n      <time class=\"post-date d-block mt-auto text-end text-xs w-100\" datetime=\"2025-12-09T10:51:58+00:00\">\n        detsember 9, 2025\n      <\/time>\n    <\/div>\n  <\/a>\n<\/article>\n\t\t\t\t\t\t\t\t\t\t\t<article class=\"post-1780 post type-post status-publish format-standard has-post-thumbnail hentry category-uudised category-uudiskiri\">\n  <a href=\"https:\/\/estcan.ee\/et\/uudiskiri-oktoober-2025\/\" class=\"article-card--list d-flex flex-row text-black pb-1 mb-1 border-bottom\">\n    <div class=\"w-25 flex-shrink-0\">\n              <img loading=\"lazy\" decoding=\"async\" width=\"150\" height=\"150\" src=\"https:\/\/sisu.ut.ee\/wp-content\/uploads\/sites\/845\/UNCAN-Kadi-Liis-ja-Ioannis-lahedalt-150x150.jpeg\" class=\"img-fluid article-card__img wp-post-image\" alt=\"\">\n          <\/div>\n    <div class=\"d-flex flex-column w-100 ms-2\">\n      <h3 class=\"h5 text-sm mb-1\">Uudiskiri oktoober 2025<\/h3>\n      <time class=\"post-date d-block mt-auto text-end text-xs w-100\" datetime=\"2025-11-18T10:23:56+00:00\">\n        november 18, 2025\n      <\/time>\n    <\/div>\n  <\/a>\n<\/article>\n\t\t\t\t\t\t\t\t\t\t\t<article class=\"post-1705 post type-post status-publish format-standard has-post-thumbnail hentry category-uudised-2 category-uudised category-uudiskiri\">\n  <a href=\"https:\/\/estcan.ee\/et\/uudiskiri-september-2025\/\" class=\"article-card--list d-flex flex-row text-black pb-1 mb-1 border-bottom\">\n    <div class=\"w-25 flex-shrink-0\">\n              <img loading=\"lazy\" decoding=\"async\" width=\"150\" height=\"150\" src=\"https:\/\/sisu.ut.ee\/wp-content\/uploads\/sites\/845\/Kadi-Liis-ja-Eva-150x150.jpg\" class=\"img-fluid article-card__img wp-post-image\" alt=\"\">\n          <\/div>\n    <div class=\"d-flex flex-column w-100 ms-2\">\n      <h3 class=\"h5 text-sm mb-1\">Uudiskiri september 2025<\/h3>\n      <time class=\"post-date d-block mt-auto text-end text-xs w-100\" datetime=\"2025-10-06T13:53:57+00:00\">\n        oktoober 6, 2025\n      <\/time>\n    <\/div>\n  <\/a>\n<\/article>\n\t\t\t\t\t\t\t\t\t\t\t<article class=\"post-1664 post type-post status-publish format-standard has-post-thumbnail hentry category-uudised category-uudiskiri\">\n  <a href=\"https:\/\/estcan.ee\/et\/uudiskiri-august-2025\/\" class=\"article-card--list d-flex flex-row text-black pb-1 mb-1 border-bottom\">\n    <div class=\"w-25 flex-shrink-0\">\n              <img loading=\"lazy\" decoding=\"async\" width=\"150\" height=\"150\" src=\"https:\/\/sisu.ut.ee\/wp-content\/uploads\/sites\/845\/Pt-teekonnad_IMG_3110-150x150.jpg\" class=\"img-fluid article-card__img wp-post-image\" alt=\"\">\n          <\/div>\n    <div class=\"d-flex flex-column w-100 ms-2\">\n      <h3 class=\"h5 text-sm mb-1\">Uudiskiri august 2025<\/h3>\n      <time class=\"post-date d-block mt-auto text-end text-xs w-100\" datetime=\"2025-09-15T08:01:44+00:00\">\n        september 15, 2025\n      <\/time>\n    <\/div>\n  <\/a>\n<\/article>\n\t\t\t\t\t\t\t\t\t\t\t<article class=\"post-1642 post type-post status-publish format-standard has-post-thumbnail hentry category-uudised category-uudiskiri\">\n  <a href=\"https:\/\/estcan.ee\/et\/uudiskiri-juuli-2025\/\" class=\"article-card--list d-flex flex-row text-black pb-1 mb-1 border-bottom\">\n    <div class=\"w-25 flex-shrink-0\">\n              <img loading=\"lazy\" decoding=\"async\" width=\"150\" height=\"150\" src=\"https:\/\/sisu.ut.ee\/wp-content\/uploads\/sites\/845\/AF-slaid-1-150x150.jpg\" class=\"img-fluid article-card__img wp-post-image\" alt=\"\">\n          <\/div>\n    <div class=\"d-flex flex-column w-100 ms-2\">\n      <h3 class=\"h5 text-sm mb-1\">Uudiskiri juuli 2025<\/h3>\n      <time class=\"post-date d-block mt-auto text-end text-xs w-100\" datetime=\"2025-08-14T10:11:06+00:00\">\n        august 14, 2025\n      <\/time>\n    <\/div>\n  <\/a>\n<\/article>\n\t\t\t\t\t\t\t\t\t\t\t<article class=\"post-1566 post type-post status-publish format-standard has-post-thumbnail hentry category-uudised category-uudiskiri\">\n  <a href=\"https:\/\/estcan.ee\/et\/uudiskiri-juuni-2025\/\" class=\"article-card--list d-flex flex-row text-black pb-1 mb-1 border-bottom\">\n    <div class=\"w-25 flex-shrink-0\">\n              <img loading=\"lazy\" decoding=\"async\" width=\"150\" height=\"150\" src=\"https:\/\/sisu.ut.ee\/wp-content\/uploads\/sites\/845\/IMG_5267-150x150.jpg\" class=\"img-fluid article-card__img wp-post-image\" alt=\"\">\n          <\/div>\n    <div class=\"d-flex flex-column w-100 ms-2\">\n      <h3 class=\"h5 text-sm mb-1\">Uudiskiri juuni 2025<\/h3>\n      <time class=\"post-date d-block mt-auto text-end text-xs w-100\" datetime=\"2025-07-14T09:16:36+00:00\">\n        juuli 14, 2025\n      <\/time>\n    <\/div>\n  <\/a>\n<\/article>\n\t\t\t\t\t\t\t\t\t\t\t<article class=\"post-1502 post type-post status-publish format-standard has-post-thumbnail hentry category-uudised category-uudiskiri\">\n  <a href=\"https:\/\/estcan.ee\/et\/uudiskiri-mai-2025\/\" class=\"article-card--list d-flex flex-row text-black pb-1 mb-1 border-bottom\">\n    <div class=\"w-25 flex-shrink-0\">\n              <img loading=\"lazy\" decoding=\"async\" width=\"150\" height=\"150\" src=\"https:\/\/sisu.ut.ee\/wp-content\/uploads\/sites\/845\/Arutelu-150x150.jpg\" class=\"img-fluid article-card__img wp-post-image\" alt=\"\">\n          <\/div>\n    <div class=\"d-flex flex-column w-100 ms-2\">\n      <h3 class=\"h5 text-sm mb-1\">Uudiskiri mai 2025<\/h3>\n      <time class=\"post-date d-block mt-auto text-end text-xs w-100\" datetime=\"2025-06-11T11:10:37+00:00\">\n        juuni 11, 2025\n      <\/time>\n    <\/div>\n  <\/a>\n<\/article>\n\t\t\t\t\t\t\t\t\t\t\t<article class=\"post-1342 post type-post status-publish format-standard has-post-thumbnail hentry category-uudised category-uudiskiri\">\n  <a href=\"https:\/\/estcan.ee\/et\/uudiskiri-aprill-2025\/\" class=\"article-card--list d-flex flex-row text-black pb-1 mb-1 border-bottom\">\n    <div class=\"w-25 flex-shrink-0\">\n              <img loading=\"lazy\" decoding=\"async\" width=\"150\" height=\"150\" src=\"https:\/\/sisu.ut.ee\/wp-content\/uploads\/sites\/845\/20250429_130345-150x150.jpg\" class=\"img-fluid article-card__img wp-post-image\" alt=\"\">\n          <\/div>\n    <div class=\"d-flex flex-column w-100 ms-2\">\n      <h3 class=\"h5 text-sm mb-1\">Uudiskiri: aprill 2025<\/h3>\n      <time class=\"post-date d-block mt-auto text-end text-xs w-100\" datetime=\"2025-05-29T10:15:12+00:00\">\n        mai 29, 2025\n      <\/time>\n    <\/div>\n  <\/a>\n<\/article>\n\t\t\t\t\t\t\t\t\t\t\t<article class=\"post-1659 post type-post status-publish format-standard has-post-thumbnail hentry category-uudised-2 category-uudiskiri\">\n  <a href=\"https:\/\/estcan.ee\/et\/uudiskiri-marts-2025\/\" class=\"article-card--list d-flex flex-row text-black pb-1 mb-1 border-bottom\">\n    <div class=\"w-25 flex-shrink-0\">\n              <img loading=\"lazy\" decoding=\"async\" width=\"150\" height=\"150\" src=\"https:\/\/sisu.ut.ee\/wp-content\/uploads\/sites\/845\/20250327_130242-150x150.jpg\" class=\"img-fluid article-card__img wp-post-image\" alt=\"\">\n          <\/div>\n    <div class=\"d-flex flex-column w-100 ms-2\">\n      <h3 class=\"h5 text-sm mb-1\">Uudiskiri m\u00e4rts 2025<\/h3>\n      <time class=\"post-date d-block mt-auto text-end text-xs w-100\" datetime=\"2025-04-08T07:50:16+00:00\">\n        aprill 8, 2025\n      <\/time>\n    <\/div>\n  <\/a>\n<\/article>\n\t\t\t\t\t\t\t\t\t\t\t<article class=\"post-1105 post type-post status-publish format-standard has-post-thumbnail hentry category-uudiskiri\">\n  <a href=\"https:\/\/estcan.ee\/et\/eesti-vahitorje-vorgustik\/\" class=\"article-card--list d-flex flex-row text-black pb-1 mb-1 border-bottom\">\n    <div class=\"w-25 flex-shrink-0\">\n              <img loading=\"lazy\" decoding=\"async\" width=\"150\" height=\"150\" src=\"https:\/\/sisu.ut.ee\/wp-content\/uploads\/sites\/845\/Kadi-Liis-Veiman-150x150.jpg\" class=\"img-fluid article-card__img wp-post-image\" alt=\"\" srcset=\"https:\/\/sisu.ut.ee\/wp-content\/uploads\/sites\/845\/Kadi-Liis-Veiman-150x150.jpg 150w, https:\/\/sisu.ut.ee\/wp-content\/uploads\/sites\/845\/Kadi-Liis-Veiman-300x300.jpg 300w, https:\/\/sisu.ut.ee\/wp-content\/uploads\/sites\/845\/Kadi-Liis-Veiman-768x768.jpg 768w, https:\/\/sisu.ut.ee\/wp-content\/uploads\/sites\/845\/Kadi-Liis-Veiman.jpg 800w\" sizes=\"auto, (max-width: 150px) 100vw, 150px\">\n          <\/div>\n    <div class=\"d-flex flex-column w-100 ms-2\">\n      <h3 class=\"h5 text-sm mb-1\">Eesti V\u00e4hit\u00f5rje V\u00f5rgustik<\/h3>\n      <time class=\"post-date d-block mt-auto text-end text-xs w-100\" datetime=\"2025-03-10T10:31:05+00:00\">\n        m\u00e4rts 10, 2025\n      <\/time>\n    <\/div>\n  <\/a>\n<\/article>\n\t\t\t\t\t\t\t\t\t\t\t<article class=\"post-577 post type-post status-publish format-standard has-post-thumbnail hentry category-uudiskiri\">\n  <a href=\"https:\/\/estcan.ee\/et\/eesti-vahiprofiili-varske-pilk\/\" class=\"article-card--list d-flex flex-row text-black pb-1 mb-1 border-bottom\">\n    <div class=\"w-25 flex-shrink-0\">\n              <img loading=\"lazy\" decoding=\"async\" width=\"150\" height=\"150\" src=\"https:\/\/sisu.ut.ee\/wp-content\/uploads\/sites\/845\/ESTCAN_blue_with_rectangle-150x150.png\" class=\"img-fluid article-card__img wp-post-image\" alt=\"\">\n          <\/div>\n    <div class=\"d-flex flex-column w-100 ms-2\">\n      <h3 class=\"h5 text-sm mb-1\">Eesti v\u00e4hiprofiili v\u00e4rske pilk<\/h3>\n      <time class=\"post-date d-block mt-auto text-end text-xs w-100\" datetime=\"2025-01-31T08:27:53+00:00\">\n        jaanuar 31, 2025\n      <\/time>\n    <\/div>\n  <\/a>\n<\/article>\n\t\t\t\t\t\t\t\t\t\t\t<article class=\"post-454 post type-post status-publish format-standard has-post-thumbnail hentry category-uudiskiri\">\n  <a href=\"https:\/\/estcan.ee\/et\/hooga-edasi-nii-eestis-kui-valismaal\/\" class=\"article-card--list d-flex flex-row text-black pb-1 mb-1 border-bottom\">\n    <div class=\"w-25 flex-shrink-0\">\n              <img loading=\"lazy\" decoding=\"async\" width=\"150\" height=\"150\" src=\"https:\/\/sisu.ut.ee\/wp-content\/uploads\/sites\/845\/Nordic-Prospects-pilt-150x150.jpg\" class=\"img-fluid article-card__img wp-post-image\" alt=\"\">\n          <\/div>\n    <div class=\"d-flex flex-column w-100 ms-2\">\n      <h3 class=\"h5 text-sm mb-1\">V\u00e4lisekspertide esmane tagasiside Eesti v\u00e4hivaldkonnale<\/h3>\n      <time class=\"post-date d-block mt-auto text-end text-xs w-100\" datetime=\"2024-12-31T11:06:12+00:00\">\n        detsember 31, 2024\n      <\/time>\n    <\/div>\n  <\/a>\n<\/article>\n\t\t\t\t\t\t\t\t\t\t\t<article class=\"post-211 post type-post status-publish format-standard has-post-thumbnail hentry category-uudiskiri\">\n  <a href=\"https:\/\/estcan.ee\/et\/october-newsletter\/\" class=\"article-card--list d-flex flex-row text-black pb-1 mb-1 border-bottom\">\n    <div class=\"w-25 flex-shrink-0\">\n              <img loading=\"lazy\" decoding=\"async\" width=\"150\" height=\"150\" src=\"https:\/\/sisu.ut.ee\/wp-content\/uploads\/sites\/845\/Team_October_2024-150x150.jpg\" class=\"img-fluid article-card__img wp-post-image\" alt=\"\">\n          <\/div>\n    <div class=\"d-flex flex-column w-100 ms-2\">\n      <h3 class=\"h5 text-sm mb-1\">Tiim koos, esimesed granditaotlused ja projektid k\u00e4ima l\u00fckatud<\/h3>\n      <time class=\"post-date d-block mt-auto text-end text-xs w-100\" datetime=\"2024-10-31T12:34:07+00:00\">\n        oktoober 31, 2024\n      <\/time>\n    <\/div>\n  <\/a>\n<\/article>\n\t\t\t\t\t\t\t\t\t<\/div>\n\n\n\n<p><\/p>\n\n\n\n<p class=\"has-extra-large-font-size\" style=\"padding-top:0;padding-right:var(--wp--preset--spacing--30);padding-bottom:0;padding-left:var(--wp--preset--spacing--30)\"><a href=\"https:\/\/gs0ebaga.sendsmaily.net\/landing-pages\/c21813d0-9595-40a9-b2f5-75d4bc7cc01a\/html\/\" data-type=\"link\" data-id=\"https:\/\/gs0ebaga.sendsmaily.net\/landing-pages\/c21813d0-9595-40a9-b2f5-75d4bc7cc01a\/html\/\">Liitu meie uudiskirjaga.<\/a><\/p>\n","protected":false},"excerpt":{"rendered":"<p>Liitu meie uudiskirjaga.<\/p>\n","protected":false},"author":703,"featured_media":0,"parent":0,"menu_order":0,"comment_status":"closed","ping_status":"closed","template":"","meta":{"_acf_changed":false,"inline_featured_image":false,"footnotes":""},"class_list":["post-572","page","type-page","status-publish","hentry"],"acf":[],"_links":{"self":[{"href":"https:\/\/estcan.ee\/et\/wp-json\/wp\/v2\/pages\/572","targetHints":{"allow":["GET"]}}],"collection":[{"href":"https:\/\/estcan.ee\/et\/wp-json\/wp\/v2\/pages"}],"about":[{"href":"https:\/\/estcan.ee\/et\/wp-json\/wp\/v2\/types\/page"}],"author":[{"embeddable":true,"href":"https:\/\/estcan.ee\/et\/wp-json\/wp\/v2\/users\/703"}],"replies":[{"embeddable":true,"href":"https:\/\/estcan.ee\/et\/wp-json\/wp\/v2\/comments?post=572"}],"version-history":[{"count":2,"href":"https:\/\/estcan.ee\/et\/wp-json\/wp\/v2\/pages\/572\/revisions"}],"predecessor-version":[{"id":580,"href":"https:\/\/estcan.ee\/et\/wp-json\/wp\/v2\/pages\/572\/revisions\/580"}],"wp:attachment":[{"href":"https:\/\/estcan.ee\/et\/wp-json\/wp\/v2\/media?parent=572"}],"curies":[{"name":"wp","href":"https:\/\/api.w.org\/{rel}","templated":true}]}}