{"id":484,"date":"2025-02-07T14:31:39","date_gmt":"2025-02-07T12:31:39","guid":{"rendered":"https:\/\/sisu.ut.ee\/estcan\/?page_id=484"},"modified":"2026-02-11T12:56:50","modified_gmt":"2026-02-11T10:56:50","slug":"patsiendile","status":"publish","type":"page","link":"https:\/\/estcan.ee\/et\/patsiendile\/","title":{"rendered":"Patsiendile"},"content":{"rendered":"<p><\/p>\n\n\n\n<p><strong>V\u00e4hipatsiendi jaoks olulist infot leiab j\u00e4rgmistelt lehek\u00fclgedelt: <\/strong><\/p>\n\n\n\n<p><a href=\"https:\/\/cancer.ee\/info-vahist\/\">Eesti V\u00e4hiliit<\/a><\/p>\n\n\n\n<p>V\u00e4hihaigetele ja nende l\u00e4hedastele suunatud infoportaal <a href=\"https:\/\/kasvaja.net\/\">kasvaja.net<\/a><\/p>\n\n\n\n<p><a href=\"https:\/\/pallium.ee\/patsiendile\">MT\u00dc Pallium<\/a> \u2013 palliatiivne ravi- ja hospiitsteenus<\/p>\n\n\n\n<p>V\u00e4hipatsientide ja -l\u00e4hedaste kogukond <a href=\"https:\/\/onkoloogika.ee\/\">MT\u00dc Onkoloogika kodulehek\u00fclg<\/a><\/p>\n\n\n\n<p class=\"has-regular-font-size\">____________<\/p>\n\n\n\n<p><strong>Eesti v\u00e4hikeskused ja nende kodulehek\u00fcljed: <\/strong><\/p>\n\n\n\n<p><a href=\"https:\/\/onkoloogiakeskus.ee\/pahaloomulised-kasvajad\" data-type=\"link\" data-id=\"https:\/\/onkoloogiakeskus.ee\/pahaloomulised-kasvajad\">P\u00f5hja-Eesti Regionaalhaigla Onkoloogiakeskus<\/a> \u00a0<\/p>\n\n\n\n<p><a href=\"https:\/\/www.kliinikum.ee\/vahikeskus\/patsiendile\/\" data-type=\"link\" data-id=\"https:\/\/www.kliinikum.ee\/vahikeskus\/patsiendile\/\">Tartu \u00dclikooli Kliinikumi V\u00e4hikeskus<\/a><\/p>\n\n\n\n<p><a href=\"https:\/\/www.itk.ee\/patsiendile\/kliinikud\/sisekliinik\/onkoloogiakeskus\">Ida-Tallinna Keskhaigla onkoloogiakeskus<\/a><\/p>\n\n\n\n<p><a href=\"https:\/\/www.lastehaigla.ee\/kliinikud\/pediaatriakliinik\/hematoloogia-ja-onkoloogia\" data-type=\"link\" data-id=\"https:\/\/www.lastehaigla.ee\/kliinikud\/pediaatriakliinik\/hematoloogia-ja-onkoloogia\">Tallinna Lastehaigla, Hematoloogia ja onkoloogia osakond<\/a><\/p>\n\n\n\n<p>____________<\/p>\n\n\n\n<p><strong>V\u00e4hi\u00fchingute info<\/strong>:<\/p>\n\n\n\n<p><a href=\"https:\/\/www.facebook.com\/groups\/9765721610109713\/\">Onkoloogika kogukond<\/a> Facebookis<\/p>\n\n\n\n<p><a href=\"https:\/\/leukeemia.ee\/\">Eesti Leukeemia ja L\u00fcmfoomihaigete Liit MT\u00dc (ELLL)\u00a0<\/a><\/p>\n\n\n\n<p><a href=\"http:\/\/vahimehed.ee\" data-type=\"link\" data-id=\"vahimehed.ee\">Eesn\u00e4\u00e4rmev\u00e4hi Patsientide Liit MT\u00dc<\/a><\/p>\n\n\n\n<p><a href=\"https:\/\/meeta.ee\/\" data-type=\"link\" data-id=\"https:\/\/meeta.ee\/\">Meeta MT\u00dc<\/a><\/p>\n\n\n\n<p><a href=\"https:\/\/www.facebook.com\/saaremaavahiuhing\/?locale=et_EE\">MT\u00dc saaremaa V\u00e4hi\u00fching<\/a> Facebookis<\/p>\n\n\n\n<p>____________<\/p>\n\n\n\n<p><strong>Podcastid:<\/strong><\/p>\n\n\n\n<p><a href=\"https:\/\/tasku.delfi.ee\/podcast\/90d55ca9-bacc-48e3-81ef-bad530a41404\" data-type=\"link\" data-id=\"https:\/\/tasku.delfi.ee\/podcast\/90d55ca9-bacc-48e3-81ef-bad530a41404\">\u201cOnkoloogika-r\u00e4\u00e4gime v\u00e4hist\u201d podcastid<\/a><\/p>\n\n\n\n<p>Eesti V\u00e4hilidu podcast <a href=\"https:\/\/cancer.ee\/teavitusmaterjalid\/podcastid\/\">\u201cTerve Eestiga v\u00e4hi vastu\u201d<\/a><\/p>\n\n\n\n<p>P\u00f5hja-Eesti Regionaalhaigla podcast <a href=\"https:\/\/soundcloud.com\/regionaalhaigla\">\u201cTervisepooltund\u201d<\/a><\/p>\n\n\n\n<p>Raadio Kuku podcast <a href=\"https:\/\/kuku.pleier.ee\/podcast\/terviseks\">\u201cTerviseks\u201d<\/a><\/p>\n\n\n\n<p>___________<\/p>\n\n\n\n<div class=\"wp-block-group is-layout-flow wp-block-group-is-layout-flow\">\n<p><strong>Statistika Eesti v\u00e4hihaigestumuse kohta:<\/strong><\/p>\n<\/div>\n\n\n\n<p><a href=\"https:\/\/statistika.tai.ee\/pxweb\/et\/Andmebaas\/Andmebaas__02Haigestumus__04PahaloomulisedKasvajad\/?tablelist=true\" data-type=\"link\" data-id=\"https:\/\/statistika.tai.ee\/pxweb\/et\/Andmebaas\/Andmebaas__02Haigestumus__04PahaloomulisedKasvajad\/?tablelist=true\">Tervisestatistika ja terviseuuringute andmebaas<\/a><\/p>\n\n\n\n<p><a href=\"https:\/\/www.tai.ee\/et\/valjaanded\/vahk-eestis-haigestumus-2021-elulemus-2017-2021-ja-soeluuringul-avastatud-vahijuhud\" data-type=\"link\" data-id=\"https:\/\/www.tai.ee\/et\/valjaanded\/vahk-eestis-haigestumus-2021-elulemus-2017-2021-ja-soeluuringul-avastatud-vahijuhud\">V\u00e4hk Eestis: haigestumus 2021, elulemus 2017\u20132021 ja s\u00f5eluuringul avastatud v\u00e4hijuhud (TAI)<\/a><\/p>\n\n\n\n<p><a href=\"https:\/\/www.tai.ee\/et\/valjaanded\/vahki-haigestumise-riski-hindamine-vanuse-soo-ja-aasta-jargi\" data-type=\"link\" data-id=\"https:\/\/www.tai.ee\/et\/valjaanded\/vahki-haigestumise-riski-hindamine-vanuse-soo-ja-aasta-jargi\">V\u00e4hki haigestumise riski hindamine vanuse, soo ja aasta j\u00e4rgi (TAI)<\/a><\/p>\n\n\n\n<p><\/p>\n\n\n\n<p>\/<\/p>\n\n\n\n<p><strong>INGLISKEELSED INFOALLIKAD<\/strong><\/p>\n\n\n\n<p><a href=\"https:\/\/www.esmo.org\/for-patients\/patient-guides\" data-type=\"link\" data-id=\"https:\/\/www.esmo.org\/for-patients\/patient-guides\">European Society of Medical Oncology (ESMO) infomaterjalid patsiendile<\/a><\/p>\n\n\n\n<p><a href=\"https:\/\/www.nccn.org\/guidelines\/patients\" data-type=\"link\" data-id=\"https:\/\/www.nccn.org\/guidelines\/patients\">National Comprehensive Cancer Network (NCCN) infomaterjalid patsiendile <\/a><\/p>\n\n\n\n<p><a href=\"https:\/\/www.macmillan.org.uk\/cancer-information-and-support\" data-type=\"link\" data-id=\"https:\/\/www.macmillan.org.uk\/cancer-information-and-support\">Macmillan Cancer Support infomaterjalid patsientidele <\/a><\/p>\n\n\n\n<p><a href=\"https:\/\/cancer.ca\/en\/\">Canadian Cancer Society<\/a><\/p>\n\n\n\n<p><a href=\"https:\/\/www.cancer.gov\/about-cancer\" data-type=\"link\" data-id=\"https:\/\/www.cancer.gov\/about-cancer\">National Cancer Institute (NIH)<\/a> \u00a0<\/p>\n\n\n\n<p><a href=\"https:\/\/cancerpatientseurope.org\/\" data-type=\"link\" data-id=\"https:\/\/cancerpatientseurope.org\/\">Cancer Patients Europe<\/a><\/p>\n\n\n\n<p><a href=\"https:\/\/www.nice.org.uk\/guidance\/conditions-and-diseases\/cancer\" data-type=\"link\" data-id=\"https:\/\/www.nice.org.uk\/guidance\/conditions-and-diseases\/cancer\">The National Institute for Clinical Excellence (NICE)<\/a><\/p>\n\n\n\n<p>\/<\/p>\n\n\n\n<p><strong>Ingliskeelsed podcastid<\/strong><\/p>\n\n\n\n<p><a href=\"https:\/\/www.macmillan.org.uk\/cancer-information-and-support\/diagnosis\/talking-about-cancer\/talking-cancer-podcast\" data-type=\"link\" data-id=\"https:\/\/www.macmillan.org.uk\/cancer-information-and-support\/diagnosis\/talking-about-cancer\/talking-cancer-podcast\" target=\"_blank\" rel=\"noreferrer noopener\">Macmillan Cancer Support \u201cThe Talking Cancer\u201d- podcastid erinevatel teemadel<\/a><\/p>\n\n\n\n<p><a href=\"https:\/\/www.dana-farber.org\/health-library\/cancer-questions\" data-type=\"link\" data-id=\"https:\/\/www.dana-farber.org\/health-library\/cancer-questions\" target=\"_blank\" rel=\"noreferrer noopener\">Dana-Farberi V\u00e4hiinstituudi podcast \u201cCancer Questions\u201d- v\u00e4hi riskid ja ennetus<\/a><\/p>\n\n\n\n<p><a href=\"https:\/\/www.dana-farber.org\/health-library\/unraveled\" data-type=\"link\" data-id=\"https:\/\/www.dana-farber.org\/health-library\/unraveled\">Dana-Farberi V\u00e4hiinstituudi podcast \u201cUnraveled\u201d- v\u00e4hiteaduse m\u00fcsteeriumid<\/a><\/p>\n\n\n\n<p><a href=\"https:\/\/www.dana-farber.org\/health-library\/cancer-conversations\" data-type=\"link\" data-id=\"https:\/\/www.dana-farber.org\/health-library\/cancer-conversations\">Dana-Farberi V\u00e4hiinstituudi podcast \u201cQuestions\u201d \u2013 v\u00e4hiraviga seotud k\u00fcsimused-vastused<\/a><\/p>\n\n\n\n<p><a href=\"https:\/\/www.dana-farber.org\/health-library\/cancer-mythbusters\" data-type=\"link\" data-id=\"https:\/\/www.dana-farber.org\/health-library\/cancer-mythbusters\">Dana-Farberi V\u00e4hiinstituudi podcast \u201cCancer Mythbusters\u201d \u2013 v\u00e4higa seotud m\u00fc\u00fcdite ja valeinfo kummutamine<\/a><\/p>\n\n\n\n<p><a href=\"https:\/\/www.mskcc.org\/cancerstraighttalk\">Memorial Sloan Kettering Cancer Center podcastid \u201cCancer Straight Talk\u201d erinevatel teemadel<\/a><\/p>\n\n\n\n<p><a href=\"https:\/\/www.cancercare.org\/canceroutloud\" data-type=\"link\" data-id=\"https:\/\/www.cancercare.org\/canceroutloud\">Cancer Care podcastid<\/a><\/p>\n\n\n\n<p>\/<\/p>\n\n\n\n<p><\/p>\n\n\n\n<p><\/p>\n\n\n\n<p><\/p>\n\n\n\n<p>Eesti v\u00e4hit\u00f5rje v\u00f5rgustik tugineb oma tegevuses <strong>Eesti v\u00e4hit\u00f5rje tegevuskava 2021-2030<\/strong> p\u00fcstitatud eesm\u00e4rkidele. Leiad tegevuskava kohta rohkem infot <a href=\"https:\/\/estcan.ee\/et\/vahitorjetegevuskava\/\" data-type=\"link\" data-id=\"https:\/\/estcan.ee\/et\/vahitorjetegevuskava\/\">siit.<\/a><\/p>\n\n\n\n<p><\/p>\n\n\n<blockquote class=\"quote-block d-flex flex-column flex-md-row px-2 px-lg-6 py-3 fst-italic fw-bold border-top border-bottom border-secondary page-section\">\n\t\t\t<img loading=\"lazy\" decoding=\"async\" width=\"150\" height=\"150\" src=\"https:\/\/sisu.ut.ee\/wp-content\/uploads\/sites\/845\/pngimg.com-question_mark_PNG53-150x150.png\" class=\"img-fluid rounded mb-2 me-2 max-120\" alt=\"\" srcset=\"https:\/\/sisu.ut.ee\/wp-content\/uploads\/sites\/845\/pngimg.com-question_mark_PNG53-150x150.png 150w, https:\/\/sisu.ut.ee\/wp-content\/uploads\/sites\/845\/pngimg.com-question_mark_PNG53-300x300.png 300w, https:\/\/sisu.ut.ee\/wp-content\/uploads\/sites\/845\/pngimg.com-question_mark_PNG53.png 500w\" sizes=\"auto, (max-width: 150px) 100vw, 150px\">\n\t\t<div class=\"quote-block__content\">\n\t\t\t\t\t<p class=\"mb-0\">Kas m\u00f5ni oluline teema v\u00f5i infokild on kodulehelt puudu? \r\nAnna sellest palun m\u00e4rku mari-leen.parn@ut.ee ning t\u00e4iendame v\u00f5imalusel oma kodulehte<\/p>\n\t\t\n\t\t\t<\/div>\n<\/blockquote>\n","protected":false},"excerpt":{"rendered":"<p>V\u00e4hipatsiendi jaoks olulist infot leiab j\u00e4rgmistelt lehek\u00fclgedelt: Eesti V\u00e4hiliit V\u00e4hihaigetele ja nende l\u00e4hedastele suunatud infoportaal kasvaja.net MT\u00dc Pallium \u2013 palliatiivne ravi- ja hospiitsteenus V\u00e4hipatsientide ja -l\u00e4hedaste kogukond MT\u00dc Onkoloogika kodulehek\u00fclg ____________ Eesti v\u00e4hikeskused ja nende kodulehek\u00fcljed: P\u00f5hja-Eesti Regionaalhaigla Onkoloogiakeskus \u00a0 &#8230;<\/p>\n","protected":false},"author":703,"featured_media":0,"parent":0,"menu_order":0,"comment_status":"closed","ping_status":"closed","template":"","meta":{"_acf_changed":false,"inline_featured_image":false,"footnotes":""},"class_list":["post-484","page","type-page","status-publish","hentry"],"acf":[],"_links":{"self":[{"href":"https:\/\/estcan.ee\/et\/wp-json\/wp\/v2\/pages\/484","targetHints":{"allow":["GET"]}}],"collection":[{"href":"https:\/\/estcan.ee\/et\/wp-json\/wp\/v2\/pages"}],"about":[{"href":"https:\/\/estcan.ee\/et\/wp-json\/wp\/v2\/types\/page"}],"author":[{"embeddable":true,"href":"https:\/\/estcan.ee\/et\/wp-json\/wp\/v2\/users\/703"}],"replies":[{"embeddable":true,"href":"https:\/\/estcan.ee\/et\/wp-json\/wp\/v2\/comments?post=484"}],"version-history":[{"count":28,"href":"https:\/\/estcan.ee\/et\/wp-json\/wp\/v2\/pages\/484\/revisions"}],"predecessor-version":[{"id":2002,"href":"https:\/\/estcan.ee\/et\/wp-json\/wp\/v2\/pages\/484\/revisions\/2002"}],"wp:attachment":[{"href":"https:\/\/estcan.ee\/et\/wp-json\/wp\/v2\/media?parent=484"}],"curies":[{"name":"wp","href":"https:\/\/api.w.org\/{rel}","templated":true}]}}