{"id":450,"date":"2025-01-29T13:02:24","date_gmt":"2025-01-29T11:02:24","guid":{"rendered":"https:\/\/sisu.ut.ee\/estcan\/?page_id=450"},"modified":"2025-02-21T12:34:53","modified_gmt":"2025-02-21T10:34:53","slug":"vahiandmete-juhtimislaud","status":"publish","type":"page","link":"https:\/\/estcan.ee\/et\/vahiandmete-juhtimislaud\/","title":{"rendered":"V\u00e4hiandmete juhtimislaud"},"content":{"rendered":"<p>V\u00e4hiandmete juhtimislaua projekt sai alguse Tartu \u00dclikooli Kliinikumist, n\u00fc\u00fcd on tegu \u00fcle-riigilise projektiga. Projekti eesm\u00e4rk on v\u00e4lja arendada ja piloteerida patsiendip\u00f5hist v\u00e4hiteekonna struktureeritud\u00a0 juhtimislauda, et v\u00f5imaldada andmep\u00f5hist otsustamist\u200b. Projekti t\u00e4idetavad tingimused:<\/p>\n\n\n\n<p>Patsiendip\u00f5hine ja \u00fcle-riigiline:\u200b<\/p>\n\n\n\n<ul class=\"wp-block-list\">\n<li>Isikup\u00f5hine \u00fclevaadet patsiendi v\u00e4hiteekonnast \u2013 raviarst, patsient, kvaliteedispetsialist, haigla juhtkond\u200b<\/li>\n\n\n\n<li>V\u00f5imaldab andmeid\u00a0anal\u00fc\u00fcsimiseks ja poliitika kujundamiseks.\u200b<\/li>\n\n\n\n<li>Informatsiooni ravi efektiivsuse ja kulut\u00f5hususe kohta. \u200b<\/li>\n\n\n\n<li>\u00dcleriigiline vaade v\u00e4hikeskuste \u00fcleste andmete koondamiseks TIS-i.\u200b<\/li>\n<\/ul>\n\n\n\n<p>Integreeritus olemasolevate s\u00fcsteemidega:\u200b<\/p>\n\n\n\n<ul class=\"wp-block-list\">\n<li>Integreeritud patoloogia, labori, geneetika, multidistsiplinaarse konsiiliumi, kiiritusravi ja keemiaraviga.\u200b<\/li>\n\n\n\n<li>V\u00f5imaldab andmete automaatset eksporti t\u00f6\u00f6lauale.\u200b<\/li>\n<\/ul>\n\n\n\n<p>Struktureeritud andmed on k\u00e4ttesaadavad: \u200b<\/p>\n\n\n\n<ul class=\"wp-block-list\">\n<li>V\u00e4hikeskustele ja riigiasutustele, et hinnata kvaliteediindikaatoreid, teha kvaliteetset andmeanal\u00fc\u00fcsi.\u200b<\/li>\n\n\n\n<li>V\u00f5imaldada andmete teisest kasutust, sh teadustegevuseks\u200b<\/li>\n<\/ul>\n\n\n\n<p>Andmete kogumine:<\/p>\n\n\n\n<ul class=\"wp-block-list\">\n<li>V\u00f5imalikult suures mahus automatiseeritud ning vastab TEHIKu andmevahetusstandardile. \u200b<\/li>\n<\/ul>\n\n\n\n<p>\u200bV\u00f5imalusel t\u00e4idetavad tingimused \u200b:\u200b<\/p>\n\n\n\n<ul class=\"wp-block-list\">\n<li>PROM ja PREM andmete kogumine:Lahendus v\u00f5imaldab automaatselt koguda, anal\u00fc\u00fcsida ja kasutada patsiendi poolt raporteeritud tulemuste m\u00f5\u00f5dikuid (PROM) ja patsiendi poolt raporteeritud kogemuste m\u00f5\u00f5dikuid (PREM) raviprotsessis ja ravikvaliteedi hindamiseks. \u200b<\/li>\n\n\n\n<li>Kvaliteediindikaatorite alarms\u00fcsteemide integreeriminen\u00e4iteks ajalised kriteeriumid, et j\u00e4lgida, kas v\u00e4hipatsient j\u00f5uab riiklikult kokkulepitud aja jooksul konsiiliumisse ja ravile. \u200b<\/li>\n\n\n\n<li>Andmete esitamine ja t\u00e4psustamine v\u00e4hiregistrile:vastavalt v\u00e4hiregistri andmedefinitsioonidele ja standarditele ilma dubleeriva andmesisestuseta ning v\u00f5imaldab v\u00e4hiregistril vajadusel saata v\u00e4hikeskustele p\u00e4ringuid registrile esitatud andmete t\u00e4psustamiseks. \u200b<\/li>\n<\/ul>\n\n\n\n<p>\u200bProjekti kestus: 2025-2028\u00a0<\/p>\n\n\n\n<p>Projekti eelarve: 1 495 000\u20ac<\/p>\n\n\n\n<p>Rahastaja Riigikantselei Innovatsioonifond l\u00e4bi avaliku sektori innovatsiooniv\u00f5imekuse t\u00f5stmise meetme\u200b<\/p>\n\n\n\n<p>Partnerid Eestis: Tartu \u00dclikooli Kliinikum\u200b, P\u00f5hja-Eesti Regionaalhaigla, Ida-Tallinna Keskhaigla\u200b, Tallinna Lastehaigla\u200b, Tervise ja Heaolu Infos\u00fcsteemide Keskus\u200b, Tervise Arengu Instituut\u200b, Tervisekassa , Sotsiaalministeerium\u00a0<\/p>\n\n\n\n<p>ESTCAN poolne kontaktisik:\u00a0Anne-Mari A. Willmore, <a href=\"mailto:annemw@ut.ee\">annemw@ut.ee<\/a><\/p>\n","protected":false},"excerpt":{"rendered":"<p>V\u00e4hiandmete juhtimislaua projekt sai alguse Tartu \u00dclikooli Kliinikumist, n\u00fc\u00fcd on tegu \u00fcle-riigilise projektiga. Projekti eesm\u00e4rk on v\u00e4lja arendada ja piloteerida patsiendip\u00f5hist v\u00e4hiteekonna struktureeritud\u00a0 juhtimislauda, et v\u00f5imaldada andmep\u00f5hist otsustamist\u200b. Projekti t\u00e4idetavad tingimused: Patsiendip\u00f5hine ja \u00fcle-riigiline:\u200b Integreeritus olemasolevate s\u00fcsteemidega:\u200b Struktureeritud andmed on &#8230;<\/p>\n","protected":false},"author":703,"featured_media":0,"parent":0,"menu_order":0,"comment_status":"closed","ping_status":"closed","template":"","meta":{"_acf_changed":false,"inline_featured_image":false,"footnotes":""},"class_list":["post-450","page","type-page","status-publish","hentry"],"acf":[],"_links":{"self":[{"href":"https:\/\/estcan.ee\/et\/wp-json\/wp\/v2\/pages\/450","targetHints":{"allow":["GET"]}}],"collection":[{"href":"https:\/\/estcan.ee\/et\/wp-json\/wp\/v2\/pages"}],"about":[{"href":"https:\/\/estcan.ee\/et\/wp-json\/wp\/v2\/types\/page"}],"author":[{"embeddable":true,"href":"https:\/\/estcan.ee\/et\/wp-json\/wp\/v2\/users\/703"}],"replies":[{"embeddable":true,"href":"https:\/\/estcan.ee\/et\/wp-json\/wp\/v2\/comments?post=450"}],"version-history":[{"count":4,"href":"https:\/\/estcan.ee\/et\/wp-json\/wp\/v2\/pages\/450\/revisions"}],"predecessor-version":[{"id":931,"href":"https:\/\/estcan.ee\/et\/wp-json\/wp\/v2\/pages\/450\/revisions\/931"}],"wp:attachment":[{"href":"https:\/\/estcan.ee\/et\/wp-json\/wp\/v2\/media?parent=450"}],"curies":[{"name":"wp","href":"https:\/\/api.w.org\/{rel}","templated":true}]}}