{"id":446,"date":"2025-01-29T13:01:45","date_gmt":"2025-01-29T11:01:45","guid":{"rendered":"https:\/\/sisu.ut.ee\/estcan\/?page_id=446"},"modified":"2025-03-10T09:39:16","modified_gmt":"2025-03-10T07:39:16","slug":"pediatric-palliative-care","status":"publish","type":"page","link":"https:\/\/estcan.ee\/et\/pediatric-palliative-care\/","title":{"rendered":"HOPE4Kids\u00a0"},"content":{"rendered":"<p><\/p>\n\n\n\n<p><\/p>\n\n\n\n<p>V\u00e4hihaigete laste palliatiivravi projekti HOPE4Kids (Holistic Oncological Palliative care 4 Europe\u2019s Kids).<\/p>\n\n\n\n<p>Projekti taotlusega on liitunud 74 organisatsiooni 24 Euroopa riigist, sh Tallinna Lastehaigla, Tartu \u00dclikooli Kliinikum ja Eesti v\u00e4hit\u00f5rje v\u00f5rgustik.<\/p>\n\n\n\n<p><\/p>\n\n\n\n<p>Projekti raames on plaanis kaardistada v\u00e4hihaigete laste palliatiivravi hetkeolukord Euroopas, koostada palliatiivravi juhised, luua tervishoiut\u00f6\u00f6tajate koolituste programm ning info\/koolitus lapsevanematele. Projekti raames keskendutakse l\u00e4bivalt kuuele teemale: s\u00fcmptomkontroll, ps\u00fchhosotsiaalne tugi, kaasotsustamine, surmaeelne ja -j\u00e4rgne tugi, erinevad ravi mudelid.\u00a0 Lisaks on valitud riikide haiglates plaanis rakendada pilootprojekte, mis arendatakse samuti v\u00e4lja HOPE4Kids projekti raames.<\/p>\n\n\n\n<p><\/p>\n\n\n\n<p>Projekti kestus: 2025 s\u00fcgis-2029<\/p>\n\n\n\n<p>Projekti eelarve: 12 miljonit eurot\u00a0<\/p>\n\n\n\n<p>Partnerid Eestis:\u00a0Tartu \u00dclikooli Kliinikum, Tallinna Lastehaigla, Tartu \u00dclikool, Eesti v\u00e4hit\u00f5rje v\u00f5rgustik<\/p>\n\n\n\n<p>ESTCAN poolne kontaktisik: Mari-Leen P\u00e4rn, <a href=\"mailto:mari-leen.parn@ut.ee\" target=\"_blank\" rel=\"noreferrer noopener\">mari-leen.parn@ut.ee<\/a>\u00a0\u00a0<\/p>\n","protected":false},"excerpt":{"rendered":"<p>V\u00e4hihaigete laste palliatiivravi projekti HOPE4Kids (Holistic Oncological Palliative care 4 Europe\u2019s Kids). Projekti taotlusega on liitunud 74 organisatsiooni 24 Euroopa riigist, sh Tallinna Lastehaigla, Tartu \u00dclikooli Kliinikum ja Eesti v\u00e4hit\u00f5rje v\u00f5rgustik. Projekti raames on plaanis kaardistada v\u00e4hihaigete laste palliatiivravi hetkeolukord &#8230;<\/p>\n","protected":false},"author":703,"featured_media":0,"parent":0,"menu_order":0,"comment_status":"closed","ping_status":"closed","template":"","meta":{"_acf_changed":false,"inline_featured_image":false,"footnotes":""},"class_list":["post-446","page","type-page","status-publish","hentry"],"acf":[],"_links":{"self":[{"href":"https:\/\/estcan.ee\/et\/wp-json\/wp\/v2\/pages\/446","targetHints":{"allow":["GET"]}}],"collection":[{"href":"https:\/\/estcan.ee\/et\/wp-json\/wp\/v2\/pages"}],"about":[{"href":"https:\/\/estcan.ee\/et\/wp-json\/wp\/v2\/types\/page"}],"author":[{"embeddable":true,"href":"https:\/\/estcan.ee\/et\/wp-json\/wp\/v2\/users\/703"}],"replies":[{"embeddable":true,"href":"https:\/\/estcan.ee\/et\/wp-json\/wp\/v2\/comments?post=446"}],"version-history":[{"count":9,"href":"https:\/\/estcan.ee\/et\/wp-json\/wp\/v2\/pages\/446\/revisions"}],"predecessor-version":[{"id":1101,"href":"https:\/\/estcan.ee\/et\/wp-json\/wp\/v2\/pages\/446\/revisions\/1101"}],"wp:attachment":[{"href":"https:\/\/estcan.ee\/et\/wp-json\/wp\/v2\/media?parent=446"}],"curies":[{"name":"wp","href":"https:\/\/api.w.org\/{rel}","templated":true}]}}