{"id":442,"date":"2025-01-29T13:01:22","date_gmt":"2025-01-29T11:01:22","guid":{"rendered":"https:\/\/sisu.ut.ee\/estcan\/?page_id=442"},"modified":"2025-02-21T12:31:36","modified_gmt":"2025-02-21T10:31:36","slug":"ja-pcm","status":"publish","type":"page","link":"https:\/\/estcan.ee\/et\/ja-pcm\/","title":{"rendered":"JA PCM"},"content":{"rendered":"<p>JA PCM (<em>Joint Action Personalised Cancer Medicine<\/em>) peamine eesm\u00e4rk on parandada Euroopa riikide ligip\u00e4\u00e4su personaliseeritud v\u00e4hiravile ja suurendada teadmisi t\u00e4ppisonkoloogiast. Selleks arendatakse sekkumisi, mis h\u00f5lmavad k\u00f5iki olulisi sidusr\u00fchmi: terve populatsioon, v\u00e4hipatsient ja tema l\u00e4hedased ja v\u00e4hist tervenenud. JA PCM keskendub kolmele olulisele teemale:\u00a0<\/p>\n\n\n\n<ul class=\"wp-block-list\">\n<li>personaliseeritud ennetus ja varajane tuvastus;\u00a0<\/li>\n<\/ul>\n\n\n\n<ul class=\"wp-block-list\">\n<li>personaliseeritud v\u00e4hiravi;\u00a0<\/li>\n<\/ul>\n\n\n\n<ul class=\"wp-block-list\">\n<li>personaliseeritud j\u00e4lgimine ja kolmandane ennetus.\u00a0\u00a0<\/li>\n<\/ul>\n\n\n\n<p>JA PCM tulemiks on personaliseeritud v\u00e4hiravi Euroopas teekaart ja j\u00e4tkusuutlikkuse plaan, mis on \u00fchildub teiste algatuste ja Euroopa v\u00e4hivastase tegevuskavaga. \u00a0<\/p>\n\n\n\n<p>Projekti kestus: 2025-2029 (projekt on taotlemises)\u00a0<\/p>\n\n\n\n<p>Projekti eelarve: 25 miljonit eurot\u00a0<\/p>\n\n\n\n<p>Partnerid Eestis: ESTCAN, Tartu \u00dclikooli Kliinikum, P\u00f5hja-Eesti Regionaalhaigla, Ida-Tallinna Keskhaigla, vaatlejatena Tervisekassa ja Sotsiaalministeerium\u00a0<\/p>\n\n\n\n<p>ESTCAN poolne kontaktisik: Anni Lepland, <a href=\"mailto:anni.lepland@ut.ee\" target=\"_blank\" rel=\"noreferrer noopener\">anni.lepland@ut.ee<\/a>\u00a0\u00a0<\/p>\n","protected":false},"excerpt":{"rendered":"<p>JA PCM (Joint Action Personalised Cancer Medicine) peamine eesm\u00e4rk on parandada Euroopa riikide ligip\u00e4\u00e4su personaliseeritud v\u00e4hiravile ja suurendada teadmisi t\u00e4ppisonkoloogiast. Selleks arendatakse sekkumisi, mis h\u00f5lmavad k\u00f5iki olulisi sidusr\u00fchmi: terve populatsioon, v\u00e4hipatsient ja tema l\u00e4hedased ja v\u00e4hist tervenenud. JA PCM keskendub &#8230;<\/p>\n","protected":false},"author":703,"featured_media":0,"parent":0,"menu_order":0,"comment_status":"closed","ping_status":"closed","template":"","meta":{"_acf_changed":false,"inline_featured_image":false,"footnotes":""},"class_list":["post-442","page","type-page","status-publish","hentry"],"acf":[],"_links":{"self":[{"href":"https:\/\/estcan.ee\/et\/wp-json\/wp\/v2\/pages\/442","targetHints":{"allow":["GET"]}}],"collection":[{"href":"https:\/\/estcan.ee\/et\/wp-json\/wp\/v2\/pages"}],"about":[{"href":"https:\/\/estcan.ee\/et\/wp-json\/wp\/v2\/types\/page"}],"author":[{"embeddable":true,"href":"https:\/\/estcan.ee\/et\/wp-json\/wp\/v2\/users\/703"}],"replies":[{"embeddable":true,"href":"https:\/\/estcan.ee\/et\/wp-json\/wp\/v2\/comments?post=442"}],"version-history":[{"count":3,"href":"https:\/\/estcan.ee\/et\/wp-json\/wp\/v2\/pages\/442\/revisions"}],"predecessor-version":[{"id":928,"href":"https:\/\/estcan.ee\/et\/wp-json\/wp\/v2\/pages\/442\/revisions\/928"}],"wp:attachment":[{"href":"https:\/\/estcan.ee\/et\/wp-json\/wp\/v2\/media?parent=442"}],"curies":[{"name":"wp","href":"https:\/\/api.w.org\/{rel}","templated":true}]}}