{"id":438,"date":"2025-01-29T13:00:37","date_gmt":"2025-01-29T11:00:37","guid":{"rendered":"https:\/\/sisu.ut.ee\/estcan\/?page_id=438"},"modified":"2025-03-04T10:31:29","modified_gmt":"2025-03-04T08:31:29","slug":"jane-2","status":"publish","type":"page","link":"https:\/\/estcan.ee\/et\/jane-2\/","title":{"rendered":"JANE2"},"content":{"rendered":"<figure class=\"wp-block-image aligncenter size-full is-resized\"><img loading=\"lazy\" decoding=\"async\" width=\"262\" height=\"145\" src=\"https:\/\/sisu.ut.ee\/wp-content\/uploads\/sites\/845\/jane2.png\" alt=\"\" class=\"wp-image-989\" style=\"width:250px\"><\/figure>\n\n\n\n<p>JANE2 (<em>The EU Joint Action on Networks of Expertise on Cancer<\/em>) projekt eesm\u00e4rgiks on arendada seitse ekspertide v\u00f5rgustikku, et parandada v\u00e4hi diagnoosimist ja ravi \u00fcle Euroopa. V\u00f5rgustikud katavad j\u00e4rgmisi teemasid:\u00a0<\/p>\n\n\n\n<ol class=\"wp-block-list\">\n<li>keerulised ja halva prognoosiga v\u00e4hid;\u00a0<\/li>\n\n\n\n<li>palliatiivravi;\u00a0<\/li>\n\n\n\n<li>elluj\u00e4\u00e4mine;\u00a0<\/li>\n\n\n\n<li>personaliseeritud ennetus\/sekundaarne ennetus;\u00a0<\/li>\n\n\n\n<li>oomika tehnoloogiad;\u00a0<\/li>\n\n\n\n<li>k\u00f5rgetehnoloogilised meditsiinilised ressursid;\u00a0<\/li>\n\n\n\n<li>noored v\u00e4higa t\u00e4iskasvanud.\u00a0<\/li>\n<\/ol>\n\n\n\n<p>Uued ekspertide v\u00f5rgustikud pakuvad teenuseid kogu Euroopa onkoloogia kogukonnale: kliinilised juhised ja soovitused, ravi kvaliteedi kriteeriumid, tervishoiu ja majanduse mudelid, hariduslik tugi, teaduse edendamine, tugi patsientide esindajatele, poliitilise lobit\u00f6\u00f6 tugi. \u00a0\u00a0<\/p>\n\n\n\n<p>Projekti kestus: 2024-2028\u00a0<\/p>\n\n\n\n<p>Projekti eelarve: 40.5 miljonit eurot\u00a0<\/p>\n\n\n\n<p>Partnerid Eestis: \u00a0PERH, Sotsiaalministeerium, vaatlejana ESTCAN<\/p>\n\n\n\n<p>ESTCAN poolne kontaktisik: Kadi-Liis Veiman, <a href=\"mailto:kadi-liis.veiman@ut.ee\" target=\"_blank\" rel=\"noreferrer noopener\">kadi-liis.veiman@ut.ee<\/a>\u00a0<\/p>\n","protected":false},"excerpt":{"rendered":"<p>JANE2 (The EU Joint Action on Networks of Expertise on Cancer) projekt eesm\u00e4rgiks on arendada seitse ekspertide v\u00f5rgustikku, et parandada v\u00e4hi diagnoosimist ja ravi \u00fcle Euroopa. V\u00f5rgustikud katavad j\u00e4rgmisi teemasid:\u00a0 Uued ekspertide v\u00f5rgustikud pakuvad teenuseid kogu Euroopa onkoloogia kogukonnale: kliinilised &#8230;<\/p>\n","protected":false},"author":703,"featured_media":0,"parent":0,"menu_order":0,"comment_status":"closed","ping_status":"closed","template":"","meta":{"_acf_changed":false,"inline_featured_image":false,"footnotes":""},"class_list":["post-438","page","type-page","status-publish","hentry"],"acf":[],"_links":{"self":[{"href":"https:\/\/estcan.ee\/et\/wp-json\/wp\/v2\/pages\/438","targetHints":{"allow":["GET"]}}],"collection":[{"href":"https:\/\/estcan.ee\/et\/wp-json\/wp\/v2\/pages"}],"about":[{"href":"https:\/\/estcan.ee\/et\/wp-json\/wp\/v2\/types\/page"}],"author":[{"embeddable":true,"href":"https:\/\/estcan.ee\/et\/wp-json\/wp\/v2\/users\/703"}],"replies":[{"embeddable":true,"href":"https:\/\/estcan.ee\/et\/wp-json\/wp\/v2\/comments?post=438"}],"version-history":[{"count":6,"href":"https:\/\/estcan.ee\/et\/wp-json\/wp\/v2\/pages\/438\/revisions"}],"predecessor-version":[{"id":991,"href":"https:\/\/estcan.ee\/et\/wp-json\/wp\/v2\/pages\/438\/revisions\/991"}],"wp:attachment":[{"href":"https:\/\/estcan.ee\/et\/wp-json\/wp\/v2\/media?parent=438"}],"curies":[{"name":"wp","href":"https:\/\/api.w.org\/{rel}","templated":true}]}}