{"id":434,"date":"2025-01-29T13:00:06","date_gmt":"2025-01-29T11:00:06","guid":{"rendered":"https:\/\/sisu.ut.ee\/estcan\/?page_id=434"},"modified":"2025-07-23T11:54:48","modified_gmt":"2025-07-23T08:54:48","slug":"eunet-ccc","status":"publish","type":"page","link":"https:\/\/estcan.ee\/et\/eunet-ccc\/","title":{"rendered":"EUnetCCC"},"content":{"rendered":"<figure class=\"wp-block-image aligncenter size-large is-resized\"><img loading=\"lazy\" decoding=\"async\" width=\"1024\" height=\"614\" src=\"https:\/\/sisu.ut.ee\/wp-content\/uploads\/sites\/845\/EUnetCCC-1024x614.png\" alt=\"\" class=\"wp-image-981\" style=\"width:250px\" srcset=\"https:\/\/sisu.ut.ee\/wp-content\/uploads\/sites\/845\/EUnetCCC-1024x614.png 1024w, https:\/\/sisu.ut.ee\/wp-content\/uploads\/sites\/845\/EUnetCCC-300x180.png 300w, https:\/\/sisu.ut.ee\/wp-content\/uploads\/sites\/845\/EUnetCCC-768x461.png 768w, https:\/\/sisu.ut.ee\/wp-content\/uploads\/sites\/845\/EUnetCCC-1536x922.png 1536w, https:\/\/sisu.ut.ee\/wp-content\/uploads\/sites\/845\/EUnetCCC-2048x1229.png 2048w, https:\/\/sisu.ut.ee\/wp-content\/uploads\/sites\/845\/EUnetCCC-1920x1152.png 1920w\" sizes=\"auto, (max-width: 1024px) 100vw, 1024px\"><\/figure>\n\n\n\n<p>Euroopa k\u00f5ikeh\u00f5lmavate v\u00e4hikeskuste v\u00f5rgustiku (<em>Joint Action<\/em> <em>European Network of Comprehensive Cancer Centres<\/em>, EUnetCCC) eesm\u00e4rgiks on k\u00f5ikeh\u00f5lmavate v\u00e4hikeskuste \u00fchendamine \u00fcle Euroopa, et pakkuda 90% patsientidele ligip\u00e4\u00e4su parimale v\u00e4hiravile s\u00f5ltumata nende elukohast. See v\u00f5rgustik on platvorm keskustele \u00fcle Euroopa, et jagada ja arendada parimaid praktikaid, ressursse ja teadmisi. See koost\u00f6\u00f6 on oluline, et edendada teadust\u00f6\u00f6d, integreerida uusimad leiud \u00a0<\/p>\n\n\n\n<p>kliinilisse praktikasse ja tagada, et patsiendid saavad k\u00f5ige t\u00f5husamat ravi.\u00a0EUnetCCC panustab:\u00a0<\/p>\n\n\n\n<ul class=\"wp-block-list\">\n<li>diagnoosimises, ravis ja patsientide hooles valitseva ebav\u00f5rdsuse v\u00e4hendamisse, kliinilistele uuringutele ligip\u00e4\u00e4su suurendamisse\u00a0<\/li>\n<\/ul>\n\n\n\n<ul class=\"wp-block-list\">\n<li>teadust\u00f6\u00f6 kvaliteedi parandamisse\u00a0<\/li>\n<\/ul>\n\n\n\n<ul class=\"wp-block-list\">\n<li>kliinilise ja teadust\u00f6\u00f6 \u00fchendamisse, v\u00e4hiravi kvaliteedi hindamisse.\u00a0<\/li>\n<\/ul>\n\n\n\n<p>Projekti kestus: 2024-2028\u00a0<\/p>\n\n\n\n<p>Projekti eelarve: 110.9\u00a0miljonit eurot\u00a0<\/p>\n\n\n\n<p>Projekti koduleht <a href=\"https:\/\/eunetccc.eu\/\">SIIN<\/a> ja LinkedIn <a href=\"https:\/\/www.linkedin.com\/company\/eunetccc-european-network-of-comprehensive-cancer-centres\/posts\/?feedView=all\">SIIN! <\/a><\/p>\n\n\n\n<p>Partnerid Eestis: ESTCAN, P\u00f5hja-Eesti Regionaalhaigla, Tartu \u00dclikooli Kliinikum, Tervise Arengu Instituut\u00a0<\/p>\n\n\n\n<p>ESTCAN poolsed kontaktisikud: Kadi-Liis Veiman, <a href=\"mailto:kadi-liis.veiman@ut.ee\" target=\"_blank\" rel=\"noreferrer noopener\">kadi-liis.veiman@ut.ee<\/a> ja Anni Lepland, <a href=\"mailto:anni.lepland@ut.ee\" target=\"_blank\" rel=\"noreferrer noopener\">anni.lepland@ut.ee<\/a>\u00a0<\/p>\n\n\n\n<p><\/p>\n","protected":false},"excerpt":{"rendered":"<p>Euroopa k\u00f5ikeh\u00f5lmavate v\u00e4hikeskuste v\u00f5rgustiku (Joint Action European Network of Comprehensive Cancer Centres, EUnetCCC) eesm\u00e4rgiks on k\u00f5ikeh\u00f5lmavate v\u00e4hikeskuste \u00fchendamine \u00fcle Euroopa, et pakkuda 90% patsientidele ligip\u00e4\u00e4su parimale v\u00e4hiravile s\u00f5ltumata nende elukohast. See v\u00f5rgustik on platvorm keskustele \u00fcle Euroopa, et jagada ja &#8230;<\/p>\n","protected":false},"author":703,"featured_media":0,"parent":0,"menu_order":0,"comment_status":"closed","ping_status":"closed","template":"","meta":{"_acf_changed":false,"inline_featured_image":false,"footnotes":""},"class_list":["post-434","page","type-page","status-publish","hentry"],"acf":[],"_links":{"self":[{"href":"https:\/\/estcan.ee\/et\/wp-json\/wp\/v2\/pages\/434","targetHints":{"allow":["GET"]}}],"collection":[{"href":"https:\/\/estcan.ee\/et\/wp-json\/wp\/v2\/pages"}],"about":[{"href":"https:\/\/estcan.ee\/et\/wp-json\/wp\/v2\/types\/page"}],"author":[{"embeddable":true,"href":"https:\/\/estcan.ee\/et\/wp-json\/wp\/v2\/users\/703"}],"replies":[{"embeddable":true,"href":"https:\/\/estcan.ee\/et\/wp-json\/wp\/v2\/comments?post=434"}],"version-history":[{"count":9,"href":"https:\/\/estcan.ee\/et\/wp-json\/wp\/v2\/pages\/434\/revisions"}],"predecessor-version":[{"id":1579,"href":"https:\/\/estcan.ee\/et\/wp-json\/wp\/v2\/pages\/434\/revisions\/1579"}],"wp:attachment":[{"href":"https:\/\/estcan.ee\/et\/wp-json\/wp\/v2\/media?parent=434"}],"curies":[{"name":"wp","href":"https:\/\/api.w.org\/{rel}","templated":true}]}}