{"id":419,"date":"2025-01-29T12:37:41","date_gmt":"2025-01-29T10:37:41","guid":{"rendered":"https:\/\/sisu.ut.ee\/estcan\/?page_id=419"},"modified":"2025-08-15T14:49:14","modified_gmt":"2025-08-15T11:49:14","slug":"cci4eu-deep-dive","status":"publish","type":"page","link":"https:\/\/estcan.ee\/et\/cci4eu-deep-dive\/","title":{"rendered":"CCI4EU"},"content":{"rendered":"<figure class=\"wp-block-image aligncenter size-full is-resized\"><img loading=\"lazy\" decoding=\"async\" width=\"800\" height=\"342\" src=\"https:\/\/sisu.ut.ee\/wp-content\/uploads\/sites\/845\/CCI4EU.png\" alt=\"\" class=\"wp-image-978\" style=\"width:250px\" srcset=\"https:\/\/sisu.ut.ee\/wp-content\/uploads\/sites\/845\/CCI4EU.png 800w, https:\/\/sisu.ut.ee\/wp-content\/uploads\/sites\/845\/CCI4EU-300x128.png 300w, https:\/\/sisu.ut.ee\/wp-content\/uploads\/sites\/845\/CCI4EU-768x328.png 768w\" sizes=\"auto, (max-width: 800px) 100vw, 800px\"><\/figure>\n\n\n\n<p><a href=\"https:\/\/cci4eu.eu\/\">CCI4EU<\/a> (<em>Comprehensive Cancer Infrastructures for EU<\/em>) projekti eesm\u00e4rgiks on aidata osalevates liikmesriikides luua \u00fcleriigiline v\u00e4hit\u00f5rje v\u00f5rgustik, mille raames oleks k\u00f5ikidel patsientidel juurdep\u00e4\u00e4s Euroopa tippstandardile vastavale ennetusele, k\u00f5ikeh\u00f5lmavale v\u00e4hiravile ning ravimiuuringutele, muuhulgas tagades spetsialistide kaasaegsed koolitusv\u00f5imalused ning teadust\u00f6\u00f6 tegemise j\u00e4tkusuutlikkus.\u00a0<\/p>\n\n\n\n<p>Eesti p\u00f5hiline roll on <em>deep dive <\/em>sekkumistes osalemine, mis on struktureeritud sekkumine, mille eesm\u00e4rgiks on aidata k\u00f5ikeh\u00f5lmaval v\u00e4hiinfrastruktuuril suurendada oma suutlikkust teatud valdkondades. Eestis on valitud nendeks valdkondadeks \u00fcleriigilise v\u00e4hit\u00f5rje infrastruktuuri loomine, teadust\u00f6\u00f6 v\u00f5imekuste suurendamine ja v\u00e4hipatsientide \u00fcleriigiliste raviteekondade arendamine. <em>Deep dive<\/em> k\u00e4igus k\u00fclastab multidistsiplinaarne rahvusvaheline ekspertide meeskond riiki, kus kaardistatakse olemasolev olukord, disainitakse koos sekkumised, mida riik \u00fcritab rakendada ning\u00a0l\u00f5puks vaadatakse, kuhu ollakse j\u00f5utud sekkumistega ja tehakse edasised soovitused. \u00a0<\/p>\n\n\n\n<p>Projekti kestus: 2023-2026\u00a0<\/p>\n\n\n\n<p>Projekti eelarve: 9.98 miljonit eurot\u00a0<\/p>\n\n\n\n<p>CCI4EU partner Eestis: Tartu \u00dclikooli Kliinikum\u00a0<\/p>\n\n\n\n<p><em>Deep dive<\/em> partnerid: Tartu \u00dclikooli Kliinikum, ESTCAN\u00a0<\/p>\n\n\n\n<p><em>Deep dive<\/em> koordinaator Eestis: Anett Vetik, <a href=\"mailto:Anett.Vetik@kliinikum.ee\" target=\"_blank\" rel=\"noreferrer noopener\">Anett.Vetik@kliinikum.ee<\/a>\u00a0\u00a0<\/p>\n\n\n\n<hr class=\"wp-block-separator has-alpha-channel-opacity\">\n\n\n\n<p><\/p>\n\n\n\n<p class=\"has-extra-large-font-size\"><strong>Patsientide teekondade arendamine<\/strong><\/p>\n\n\n\n<figure class=\"wp-block-image size-full\"><img loading=\"lazy\" decoding=\"async\" width=\"356\" height=\"199\" src=\"https:\/\/sisu.ut.ee\/wp-content\/uploads\/sites\/845\/Pt-teekonnad.jpg\" alt=\"\" class=\"wp-image-1647\" srcset=\"https:\/\/sisu.ut.ee\/wp-content\/uploads\/sites\/845\/Pt-teekonnad.jpg 356w, https:\/\/sisu.ut.ee\/wp-content\/uploads\/sites\/845\/Pt-teekonnad-300x168.jpg 300w\" sizes=\"auto, (max-width: 356px) 100vw, 356px\"><\/figure>\n\n\n\n<p class=\"has-extra-small-font-size\"><em>Pildi allikas: stockcake.com<\/em><\/p>\n\n\n\n<p>Eesti v\u00e4hit\u00f5rje v\u00f5rgustik tugineb oma tegevuses Eesti v\u00e4hit\u00f5rje tegevuskavale, kus muuhulgas on kirjeldatud raviteekondade loomise vajadust, sh eesm\u00e4rki kogu patsiendi teekond kasvajavastase ravi alguseni standardida. Eesm\u00e4rgi all on kirjeldatud nii ajalisi kriteeriume, nt mille jooksul patsiendi ravi peaks algama, kui ka vajadust raviteekondade hindamiseks indikaatorite abil. Lisaks on r\u00f5hutatud palliatiivse ravi ning erinevate n\u00f5ustavate teenuste sidusust raviteekonna k\u00f5ikides etappides.\u00a0<\/p>\n\n\n\n<p>Raviteekondade loomise vajadust on m\u00f5istetud paljudes riikides ning nende olemasolu hindavad ka <strong><em>Organisation of European Cancer Institutes<\/em> (OECI)<\/strong> kvaliteedistandardid. 2024.a l\u00f5pus Eestis alanud<strong> CCI4EU<\/strong> projekti raames toimuvatel <strong>Deep Dive<\/strong> v\u00e4lisekspertide Eesti visiitidel on \u00fcheks eesm\u00e4rgiks \u00a0arendada Eestis v\u00e4hipaikmete raviteekonnad. K\u00f5ik see on ajendanud ESTCANi koos mitmete partnerite ning teiste ekspertidega algatama v\u00e4hidiagnoosiga patsientide teekondade arutelud.<\/p>\n\n\n\n<p class=\"has-regular-font-size\"><strong>Eesm\u00e4rk:<\/strong> <\/p>\n\n\n\n<p>Kirjeldada koost\u00f6\u00f6s ekspertide, patsientide ja nende l\u00e4hedastega \u00a0v\u00e4hidiagnoosiga patsientide \u00fcle-eestilised raviteekonnad. \u00dchtselt l\u00e4bi arutatud ja paika pandud raviteekonnad aitavad kaasa sarnase ravik\u00e4sitluse ja toe pakkumisele olenemata sellest, missuguses Eesti otsas patsient elab v\u00f5i ravi saab, nt diagnoosi saamine, ps\u00fchholoogiline toetus, infovajadus, korralduslik pool jm. \u00a0Lisaks aitavad raviteekonnad luua kokkuleppeid ravistandardis, tuua lahendamiseks v\u00e4lja erineva tasemega kitsaskohti, optimeerida ressursse, hinnata ja arendada kvaliteetset abi ja l\u00f5ppkokkuv\u00f5ttes lihtsustada patsientidele ning nende l\u00e4hedastele erinevate ravietappide l\u00e4bimist.<\/p>\n\n\n\n<p>Esmalt v\u00f5etakse ESTCANi eestvedamisel ette rinnav\u00e4hi ja kolorektaalv\u00e4hi raviteekondade arendamine. Paikmete valikul arvestati lisaks v\u00e4hihaigestumuse statistikale ka erinevate spetsialistide tagasisidet.<\/p>\n\n\n\n<p class=\"has-regular-font-size\"><strong>Planeeritud protsessi ajakava: <\/strong><\/p>\n\n\n\n<figure class=\"wp-block-image size-full\"><img loading=\"lazy\" decoding=\"async\" width=\"605\" height=\"184\" src=\"https:\/\/sisu.ut.ee\/wp-content\/uploads\/sites\/845\/Pt-teekonnad-joonis-2.png\" alt=\"\" class=\"wp-image-1653\" srcset=\"https:\/\/sisu.ut.ee\/wp-content\/uploads\/sites\/845\/Pt-teekonnad-joonis-2.png 605w, https:\/\/sisu.ut.ee\/wp-content\/uploads\/sites\/845\/Pt-teekonnad-joonis-2-300x91.png 300w\" sizes=\"auto, (max-width: 605px) 100vw, 605px\"><\/figure>\n\n\n\n<p>Tutvu ka <a href=\"https:\/\/raviteekonnad.tervisekassa.ee\/\">Tervisekassa raviteekondade arendamise p\u00f5him\u00f5tete ja juhendiga.<\/a><\/p>\n\n\n\n<p>Lisainfo ja k\u00fcsimused:<\/p>\n\n\n\n<p>Mari-Leen P\u00e4rn <a href=\"mailto:mari-leen.parn@ut.ee\">mari-leen.parn@ut.ee<\/a> ja Anni Lepland <a href=\"mailto:anni.lepland@ut.ee\">anni.lepland@ut.ee<\/a><\/p>\n\n\n\n<p><\/p>\n","protected":false},"excerpt":{"rendered":"<p>CCI4EU (Comprehensive Cancer Infrastructures for EU) projekti eesm\u00e4rgiks on aidata osalevates liikmesriikides luua \u00fcleriigiline v\u00e4hit\u00f5rje v\u00f5rgustik, mille raames oleks k\u00f5ikidel patsientidel juurdep\u00e4\u00e4s Euroopa tippstandardile vastavale ennetusele, k\u00f5ikeh\u00f5lmavale v\u00e4hiravile ning ravimiuuringutele, muuhulgas tagades spetsialistide kaasaegsed koolitusv\u00f5imalused ning teadust\u00f6\u00f6 tegemise j\u00e4tkusuutlikkus.\u00a0 Eesti &#8230;<\/p>\n","protected":false},"author":703,"featured_media":0,"parent":0,"menu_order":0,"comment_status":"closed","ping_status":"closed","template":"","meta":{"_acf_changed":false,"inline_featured_image":false,"footnotes":""},"class_list":["post-419","page","type-page","status-publish","hentry"],"acf":[],"_links":{"self":[{"href":"https:\/\/estcan.ee\/et\/wp-json\/wp\/v2\/pages\/419","targetHints":{"allow":["GET"]}}],"collection":[{"href":"https:\/\/estcan.ee\/et\/wp-json\/wp\/v2\/pages"}],"about":[{"href":"https:\/\/estcan.ee\/et\/wp-json\/wp\/v2\/types\/page"}],"author":[{"embeddable":true,"href":"https:\/\/estcan.ee\/et\/wp-json\/wp\/v2\/users\/703"}],"replies":[{"embeddable":true,"href":"https:\/\/estcan.ee\/et\/wp-json\/wp\/v2\/comments?post=419"}],"version-history":[{"count":8,"href":"https:\/\/estcan.ee\/et\/wp-json\/wp\/v2\/pages\/419\/revisions"}],"predecessor-version":[{"id":1655,"href":"https:\/\/estcan.ee\/et\/wp-json\/wp\/v2\/pages\/419\/revisions\/1655"}],"wp:attachment":[{"href":"https:\/\/estcan.ee\/et\/wp-json\/wp\/v2\/media?parent=419"}],"curies":[{"name":"wp","href":"https:\/\/api.w.org\/{rel}","templated":true}]}}