{"id":411,"date":"2025-01-29T12:35:55","date_gmt":"2025-01-29T10:35:55","guid":{"rendered":"https:\/\/sisu.ut.ee\/estcan\/?page_id=411"},"modified":"2025-03-10T09:39:55","modified_gmt":"2025-03-10T07:39:55","slug":"teadusarendus-projektid","status":"publish","type":"page","link":"https:\/\/estcan.ee\/et\/teadusarendus-projektid\/","title":{"rendered":"Teadus-arendusprojektid"},"content":{"rendered":"<p>Eesti v\u00e4hit\u00f5rje v\u00f5rgustiku teadus-arendust\u00f6\u00f6 toimub tihedas koost\u00f6\u00f6s erinevate partneritega \u00fcle Eesti. \u00dclevaate k\u00e4imas olevates projektidest saate rippmen\u00fc\u00fcst. Iga projekti juurest leiate ka kontaktandmed, et h\u00f5lpsasti j\u00f5uda \u00f5ige inimese juurde.\u00a0<\/p>\n","protected":false},"excerpt":{"rendered":"<p>Eesti v\u00e4hit\u00f5rje v\u00f5rgustiku teadus-arendust\u00f6\u00f6 toimub tihedas koost\u00f6\u00f6s erinevate partneritega \u00fcle Eesti. \u00dclevaate k\u00e4imas olevates projektidest saate rippmen\u00fc\u00fcst. Iga projekti juurest leiate ka kontaktandmed, et h\u00f5lpsasti j\u00f5uda \u00f5ige inimese juurde.\u00a0<\/p>\n","protected":false},"author":703,"featured_media":0,"parent":0,"menu_order":0,"comment_status":"closed","ping_status":"closed","template":"","meta":{"_acf_changed":false,"inline_featured_image":false,"footnotes":""},"class_list":["post-411","page","type-page","status-publish","hentry"],"acf":[],"_links":{"self":[{"href":"https:\/\/estcan.ee\/et\/wp-json\/wp\/v2\/pages\/411","targetHints":{"allow":["GET"]}}],"collection":[{"href":"https:\/\/estcan.ee\/et\/wp-json\/wp\/v2\/pages"}],"about":[{"href":"https:\/\/estcan.ee\/et\/wp-json\/wp\/v2\/types\/page"}],"author":[{"embeddable":true,"href":"https:\/\/estcan.ee\/et\/wp-json\/wp\/v2\/users\/703"}],"replies":[{"embeddable":true,"href":"https:\/\/estcan.ee\/et\/wp-json\/wp\/v2\/comments?post=411"}],"version-history":[{"count":4,"href":"https:\/\/estcan.ee\/et\/wp-json\/wp\/v2\/pages\/411\/revisions"}],"predecessor-version":[{"id":1102,"href":"https:\/\/estcan.ee\/et\/wp-json\/wp\/v2\/pages\/411\/revisions\/1102"}],"wp:attachment":[{"href":"https:\/\/estcan.ee\/et\/wp-json\/wp\/v2\/media?parent=411"}],"curies":[{"name":"wp","href":"https:\/\/api.w.org\/{rel}","templated":true}]}}