{"id":407,"date":"2025-01-29T12:35:12","date_gmt":"2025-01-29T10:35:12","guid":{"rendered":"https:\/\/sisu.ut.ee\/estcan\/?page_id=407"},"modified":"2025-03-10T09:38:11","modified_gmt":"2025-03-10T07:38:11","slug":"rahvusvahelised-algatused-ja-projektid","status":"publish","type":"page","link":"https:\/\/estcan.ee\/et\/rahvusvahelised-algatused-ja-projektid\/","title":{"rendered":"Rahvusvahelised algatused ja projektid"},"content":{"rendered":"<p>Eesti v\u00e4hit\u00f5rje v\u00f5rgustik osaleb mitmetes Euroopa Liidu rahastatud rahvusvahelistes projektides. \u00dclevaate k\u00e4imas olevates projektidest saate rippmen\u00fc\u00fcst. Iga projekti juurest leiate ka kontaktandmed, et h\u00f5lpsasti j\u00f5uda \u00f5ige inimese juurde.\u00a0<\/p>\n\n\n\n<p>Rahvusvaheline ja riiklik koost\u00f6\u00f6 on \u00fcks v\u00e4hikeskuse alustalasid. Seet\u00f5ttu osaleme ka mitmetes rahvusvahelistes v\u00f5rgustikes nagu n\u00e4iteks v\u00e4ikeste liikmesriikide v\u00f5rgustik ja Baltikumi-P\u00f5hjamaade v\u00f5rgustik, et edendada Eesti positsiooni v\u00e4hi maastikul veelgi ja parandada meie patsientide v\u00f5imalusi. \u00dclevaate v\u00f5rgustikest leiate rippmen\u00fc\u00fcst.<\/p>\n\n\n\n<div class=\"wp-block-group is-content-justification-center is-nowrap is-layout-flex wp-container-core-group-is-layout-94bc23d7 wp-block-group-is-layout-flex\">\n<figure class=\"wp-block-image size-full is-resized\"><img loading=\"lazy\" decoding=\"async\" width=\"262\" height=\"145\" src=\"https:\/\/sisu.ut.ee\/wp-content\/uploads\/sites\/845\/jane2.png\" alt=\"\" class=\"wp-image-989\" style=\"width:250px\"><\/figure>\n\n\n\n<figure class=\"wp-block-image size-large is-resized\"><img loading=\"lazy\" decoding=\"async\" width=\"1024\" height=\"614\" src=\"https:\/\/sisu.ut.ee\/wp-content\/uploads\/sites\/845\/EUnetCCC-1024x614.png\" alt=\"\" class=\"wp-image-981\" style=\"width:250px\" srcset=\"https:\/\/sisu.ut.ee\/wp-content\/uploads\/sites\/845\/EUnetCCC-1024x614.png 1024w, https:\/\/sisu.ut.ee\/wp-content\/uploads\/sites\/845\/EUnetCCC-300x180.png 300w, https:\/\/sisu.ut.ee\/wp-content\/uploads\/sites\/845\/EUnetCCC-768x461.png 768w, https:\/\/sisu.ut.ee\/wp-content\/uploads\/sites\/845\/EUnetCCC-1536x922.png 1536w, https:\/\/sisu.ut.ee\/wp-content\/uploads\/sites\/845\/EUnetCCC-2048x1229.png 2048w, https:\/\/sisu.ut.ee\/wp-content\/uploads\/sites\/845\/EUnetCCC-1920x1152.png 1920w\" sizes=\"auto, (max-width: 1024px) 100vw, 1024px\"><\/figure>\n\n\n\n<figure class=\"wp-block-image size-full is-resized\"><img loading=\"lazy\" decoding=\"async\" width=\"800\" height=\"342\" src=\"https:\/\/sisu.ut.ee\/wp-content\/uploads\/sites\/845\/CCI4EU.png\" alt=\"\" class=\"wp-image-978\" style=\"width:250px\" srcset=\"https:\/\/sisu.ut.ee\/wp-content\/uploads\/sites\/845\/CCI4EU.png 800w, https:\/\/sisu.ut.ee\/wp-content\/uploads\/sites\/845\/CCI4EU-300x128.png 300w, https:\/\/sisu.ut.ee\/wp-content\/uploads\/sites\/845\/CCI4EU-768x328.png 768w\" sizes=\"auto, (max-width: 800px) 100vw, 800px\"><\/figure>\n<\/div>\n\n\n\n<p style=\"padding-top:0;padding-right:0;padding-bottom:0;padding-left:0\"><\/p>\n","protected":false},"excerpt":{"rendered":"<p>Eesti v\u00e4hit\u00f5rje v\u00f5rgustik osaleb mitmetes Euroopa Liidu rahastatud rahvusvahelistes projektides. \u00dclevaate k\u00e4imas olevates projektidest saate rippmen\u00fc\u00fcst. Iga projekti juurest leiate ka kontaktandmed, et h\u00f5lpsasti j\u00f5uda \u00f5ige inimese juurde.\u00a0 Rahvusvaheline ja riiklik koost\u00f6\u00f6 on \u00fcks v\u00e4hikeskuse alustalasid. Seet\u00f5ttu osaleme ka mitmetes &#8230;<\/p>\n","protected":false},"author":703,"featured_media":0,"parent":0,"menu_order":0,"comment_status":"closed","ping_status":"closed","template":"","meta":{"_acf_changed":false,"inline_featured_image":false,"footnotes":""},"class_list":["post-407","page","type-page","status-publish","hentry"],"acf":[],"_links":{"self":[{"href":"https:\/\/estcan.ee\/et\/wp-json\/wp\/v2\/pages\/407","targetHints":{"allow":["GET"]}}],"collection":[{"href":"https:\/\/estcan.ee\/et\/wp-json\/wp\/v2\/pages"}],"about":[{"href":"https:\/\/estcan.ee\/et\/wp-json\/wp\/v2\/types\/page"}],"author":[{"embeddable":true,"href":"https:\/\/estcan.ee\/et\/wp-json\/wp\/v2\/users\/703"}],"replies":[{"embeddable":true,"href":"https:\/\/estcan.ee\/et\/wp-json\/wp\/v2\/comments?post=407"}],"version-history":[{"count":7,"href":"https:\/\/estcan.ee\/et\/wp-json\/wp\/v2\/pages\/407\/revisions"}],"predecessor-version":[{"id":1100,"href":"https:\/\/estcan.ee\/et\/wp-json\/wp\/v2\/pages\/407\/revisions\/1100"}],"wp:attachment":[{"href":"https:\/\/estcan.ee\/et\/wp-json\/wp\/v2\/media?parent=407"}],"curies":[{"name":"wp","href":"https:\/\/api.w.org\/{rel}","templated":true}]}}