{"id":402,"date":"2025-01-29T12:33:46","date_gmt":"2025-01-29T10:33:46","guid":{"rendered":"https:\/\/sisu.ut.ee\/estcan\/?page_id=402"},"modified":"2025-02-21T14:24:45","modified_gmt":"2025-02-21T12:24:45","slug":"euroopa-vahitorje-tegevuskava","status":"publish","type":"page","link":"https:\/\/estcan.ee\/et\/euroopa-vahitorje-tegevuskava\/","title":{"rendered":"Euroopa v\u00e4hit\u00f5rje tegevuskava"},"content":{"rendered":"<p><\/p>\n\n\n\n<p>Euroopa v\u00e4hit\u00f5rje tegevuskava 2021-2030 n\u00e4ol on tegemist poliitilise kohustusega peatada v\u00e4hkt\u00f5ve levik. See on j\u00e4rjekordne samm tugeva Euroopa terviseliidu ning paremini ettevalmistatud, vastupidavama ja turvalisema EL loomisel.\u00a0\u00a0<\/p>\n\n\n\n<p>2022. aastal diagnoositi Euroopas 2.74 miljonit v\u00e4hijuhtumit ja pea 1.3 miljonit inimest kaotas v\u00e4hi tagaj\u00e4rjel elu. Kui ei v\u00f5eta kasutusele t\u00e4iendavaid meetmeid, suureneb juhtumite arv kuni 24% aastaks 2030, tehes v\u00e4hist levinuma surmap\u00f5hjuse Euroopas.\u00a0\u00a0<\/p>\n\n\n\n<p>Euroopa v\u00e4hit\u00f5rje tegevuskava <strong>eesm\u00e4rgiks <\/strong>on tegeleda terve v\u00e4hi teekonnaga. Tegevuskavas on paika pandud neli p\u00f5hilist tegevusvaldkonda:\u00a0<\/p>\n\n\n\n<ul class=\"wp-block-list\">\n<li>ennetus;\u00a0<\/li>\n<\/ul>\n\n\n\n<ul class=\"wp-block-list\">\n<li>varajane avastamine;\u00a0<\/li>\n<\/ul>\n\n\n\n<ul class=\"wp-block-list\">\n<li>diagnoosimine ja ravi;\u00a0<\/li>\n<\/ul>\n\n\n\n<ul class=\"wp-block-list\">\n<li>v\u00e4hipatsientide ja v\u00e4hist tervenenute elukvaliteet.\u00a0<\/li>\n<\/ul>\n\n\n\n<p><strong>Kuni 40% v\u00e4hkidest on ennetavad<\/strong>, mist\u00f5ttu on Euroopa v\u00e4hit\u00f5rje tegevuskavas suur r\u00f5hk ennetusel. Teemad selles valdkonnas:\u00a0\u00a0<\/p>\n\n\n\n<ul class=\"wp-block-list\">\n<li>tervisealase teadlikkuse suurendamine v\u00e4hi riskifaktoritest;\u00a0<\/li>\n<\/ul>\n\n\n\n<ul class=\"wp-block-list\">\n<li>tubakavaba Euroopa;\u00a0<\/li>\n<\/ul>\n\n\n\n<ul class=\"wp-block-list\">\n<li>alkoholitarvitamise v\u00e4hendamine;\u00a0<\/li>\n<\/ul>\n\n\n\n<ul class=\"wp-block-list\">\n<li>tervise parandamine l\u00e4bi ligip\u00e4\u00e4su tervislikule dieedile ja f\u00fc\u00fcsilisele aktiivsusele;\u00a0<\/li>\n<\/ul>\n\n\n\n<ul class=\"wp-block-list\">\n<li>keskkonnasaastuse v\u00e4hendamine;\u00a0<\/li>\n<\/ul>\n\n\n\n<ul class=\"wp-block-list\">\n<li>ohtlike ainete ja kiirguse kokkupuute v\u00e4hendamine;\u00a0<\/li>\n<\/ul>\n\n\n\n<ul class=\"wp-block-list\">\n<li>infektsioonidest tekitatud v\u00e4hkide ennetamine.\u00a0<\/li>\n<\/ul>\n\n\n\n<p>Euroopa v\u00e4hit\u00f5rje tegevuskava eesm\u00e4rgiks on <strong>tagada Euroopa Liidus ligip\u00e4\u00e4s k\u00f5rge kvaliteediga soodsale, ennetavale ja ravivale tervishoiule<\/strong>. Teemad selles valdkonnas:\u00a0<\/p>\n\n\n\n<ul class=\"wp-block-list\">\n<li>k\u00f5rgetasemelise diagnoosimise ja ravi tagamine;\u00a0<\/li>\n<\/ul>\n\n\n\n<ul class=\"wp-block-list\">\n<li>k\u00f5rgekvaliteediliste tervishoiut\u00f6\u00f6tajate tagamine;\u00a0<\/li>\n<\/ul>\n\n\n\n<ul class=\"wp-block-list\">\n<li>olulistele ravimitele ja innovatsioonile ligip\u00e4\u00e4su tagamine;\u00a0<\/li>\n<\/ul>\n\n\n\n<ul class=\"wp-block-list\">\n<li>personaalmeditsiin ennetuses, diagnoosimises ja ravis.\u00a0<\/li>\n<\/ul>\n\n\n\n<p>V\u00e4hist tervenenute arv suureneb igal aastal t\u00e4nu varajasele avastamisele, t\u00f5husale ravile ja toetavale ravile. Siiski on <strong>v\u00e4hist tervenenutel, nende l\u00e4hedastel ja hooldajatel mitmeid v\u00e4ljakutseid.<\/strong> Neid v\u00e4ljakutseid saab tihti leevendada v\u00f5i \u00e4ra hoida tervise- ja sotsiaalvaldkonna koost\u00f6\u00f6s. Fookus peaks olema sellel, kui h\u00e4sti ja kui kaua inimesed p\u00e4rast v\u00e4hki elavad, mitte ainult kui kaua. M\u00f5ned teemad selles valdkonnas:\u00a0<\/p>\n\n\n\n<ul class=\"wp-block-list\">\n<li>t\u00f6\u00f6le tagasip\u00f6\u00f6rdumine;\u00a0<\/li>\n<\/ul>\n\n\n\n<ul class=\"wp-block-list\">\n<li>\u00fcmber\u00f5ppeprogrammid v\u00e4hist tervenenutele\u00a0<\/li>\n<\/ul>\n\n\n\n<ul class=\"wp-block-list\">\n<li>t\u00f6\u00f6-eraelu tasakaalu direktiiv l\u00e4hedastele ja hooldajatele\u00a0<\/li>\n<\/ul>\n\n\n\n<p><strong>Rahastusv\u00f5imalused Euroopa v\u00e4hit\u00f5rje tegevuskava raames:\u00a0<\/strong><\/p>\n\n\n\n<ul class=\"wp-block-list\">\n<li>Euroopa Komisjon tagab 4 miljardit eurot\u00a0\u00a0<\/li>\n<\/ul>\n\n\n\n<ul class=\"wp-block-list\">\n<li><a href=\"https:\/\/research-and-innovation.ec.europa.eu\/funding\/funding-opportunities\/funding-programmes-and-open-calls\/horizon-europe_en\" target=\"_blank\" rel=\"noreferrer noopener\">Euroopa horisont<\/a>: 2025. aasta projektitaotlused avalikustatakse mais\u00a0<\/li>\n<\/ul>\n\n\n\n<ul class=\"wp-block-list\">\n<li><a href=\"https:\/\/ec.europa.eu\/info\/funding-tenders\/opportunities\/portal\/screen\/programmes\/eu4h\" target=\"_blank\" rel=\"noreferrer noopener\">EU4Health<\/a>\u00a0<\/li>\n<\/ul>\n\n\n\n<ul class=\"wp-block-list\">\n<li><a href=\"https:\/\/ec.europa.eu\/info\/funding-tenders\/opportunities\/portal\/screen\/programmes\/digital\" target=\"_blank\" rel=\"noreferrer noopener\">Digitaalse Euroopa programm<\/a>\u00a0<\/li>\n<\/ul>\n\n\n\n<ul class=\"wp-block-list\">\n<li><a href=\"https:\/\/ec.europa.eu\/regional_policy\/funding\/cohesion-fund_en\" target=\"_blank\" rel=\"noreferrer noopener\">\u00dchtekuuluvuspoliitika fondid<\/a>: tervishoius\u00fcsteemide vastupidavuse, k\u00e4ttesaadavuse ja t\u00f5hususe suurendamine\u00a0\u00a0<\/li>\n<\/ul>\n\n\n\n<ul class=\"wp-block-list\">\n<li><a href=\"https:\/\/commission.europa.eu\/business-economy-euro\/economic-recovery\/recovery-and-resilience-facility_en\" target=\"_blank\" rel=\"noreferrer noopener\">Taastamise ja vastupidavuse rahastus<\/a>: investeeringud tervishoiu taristusse, seadmed, tervishoiu digitransformatsioon\u00a0<\/li>\n<\/ul>\n\n\n\n<ul class=\"wp-block-list\">\n<li><a href=\"https:\/\/commission.europa.eu\/funding-tenders\/find-funding\/eu-funding-programmes\/technical-support-instrument\/technical-support-instrument-tsi_en\" target=\"_blank\" rel=\"noreferrer noopener\">Tehnilise toe instrument<\/a>\u00a0<\/li>\n<\/ul>\n\n\n\n<p><strong>Lisainfo:\u00a0<\/strong><\/p>\n\n\n\n<ul class=\"wp-block-list\">\n<li><a href=\"https:\/\/commission.europa.eu\/strategy-and-policy\/priorities-2019-2024\/promoting-our-european-way-life\/european-health-union\/cancer-plan-europe_et\" target=\"_blank\" rel=\"noreferrer noopener\">Euroopa v\u00e4hit\u00f5rje tegevuskava koduleht<\/a>\u00a0\u00a0<\/li>\n\n\n\n<li><a href=\"https:\/\/health.ec.europa.eu\/system\/files\/2022-02\/eu_cancer-plan_en_0.pdf\" target=\"_blank\" rel=\"noreferrer noopener\">Euroopa v\u00e4hit\u00f5rje tegevuskava dokument<\/a>\u00a0\u00a0<\/li>\n<\/ul>\n\n\n\n<p><\/p>\n","protected":false},"excerpt":{"rendered":"<p>Euroopa v\u00e4hit\u00f5rje tegevuskava 2021-2030 n\u00e4ol on tegemist poliitilise kohustusega peatada v\u00e4hkt\u00f5ve levik. See on j\u00e4rjekordne samm tugeva Euroopa terviseliidu ning paremini ettevalmistatud, vastupidavama ja turvalisema EL loomisel.\u00a0\u00a0 2022. aastal diagnoositi Euroopas 2.74 miljonit v\u00e4hijuhtumit ja pea 1.3 miljonit inimest kaotas &#8230;<\/p>\n","protected":false},"author":703,"featured_media":0,"parent":0,"menu_order":0,"comment_status":"closed","ping_status":"closed","template":"","meta":{"_acf_changed":false,"inline_featured_image":false,"footnotes":""},"class_list":["post-402","page","type-page","status-publish","hentry"],"acf":[],"_links":{"self":[{"href":"https:\/\/estcan.ee\/et\/wp-json\/wp\/v2\/pages\/402","targetHints":{"allow":["GET"]}}],"collection":[{"href":"https:\/\/estcan.ee\/et\/wp-json\/wp\/v2\/pages"}],"about":[{"href":"https:\/\/estcan.ee\/et\/wp-json\/wp\/v2\/types\/page"}],"author":[{"embeddable":true,"href":"https:\/\/estcan.ee\/et\/wp-json\/wp\/v2\/users\/703"}],"replies":[{"embeddable":true,"href":"https:\/\/estcan.ee\/et\/wp-json\/wp\/v2\/comments?post=402"}],"version-history":[{"count":8,"href":"https:\/\/estcan.ee\/et\/wp-json\/wp\/v2\/pages\/402\/revisions"}],"predecessor-version":[{"id":949,"href":"https:\/\/estcan.ee\/et\/wp-json\/wp\/v2\/pages\/402\/revisions\/949"}],"wp:attachment":[{"href":"https:\/\/estcan.ee\/et\/wp-json\/wp\/v2\/media?parent=402"}],"curies":[{"name":"wp","href":"https:\/\/api.w.org\/{rel}","templated":true}]}}