{"id":397,"date":"2025-01-29T12:31:40","date_gmt":"2025-01-29T10:31:40","guid":{"rendered":"https:\/\/sisu.ut.ee\/estcan\/?page_id=397"},"modified":"2025-06-11T13:17:12","modified_gmt":"2025-06-11T10:17:12","slug":"vahimissioon","status":"publish","type":"page","link":"https:\/\/estcan.ee\/et\/vahimissioon\/","title":{"rendered":"V\u00e4himissioon"},"content":{"rendered":"<figure class=\"wp-block-image aligncenter size-full is-resized\"><img loading=\"lazy\" decoding=\"async\" width=\"900\" height=\"600\" src=\"https:\/\/sisu.ut.ee\/wp-content\/uploads\/sites\/845\/vahimissioon_no_words.png\" alt=\"\" class=\"wp-image-1037\" style=\"width:600px\" srcset=\"https:\/\/sisu.ut.ee\/wp-content\/uploads\/sites\/845\/vahimissioon_no_words.png 900w, https:\/\/sisu.ut.ee\/wp-content\/uploads\/sites\/845\/vahimissioon_no_words-300x200.png 300w, https:\/\/sisu.ut.ee\/wp-content\/uploads\/sites\/845\/vahimissioon_no_words-768x512.png 768w\" sizes=\"auto, (max-width: 900px) 100vw, 900px\"><\/figure>\n\n\n\n<p><strong>Mis on Euroopa Liidu (EL) missioonid?<\/strong>\u00a0<\/p>\n\n\n\n<p>EL missioonid on uus viis t\u00f6\u00f6tada v\u00e4lja konkreetsed lahendused suurimatele v\u00e4ljakutsetele. 2021. aasta s\u00fcgisel k\u00e4ivitati Euroopa Komisjoni poolt viis missiooni, mis peaks tulemusi andma aastaks 2030:\u00a0\u00a0<\/p>\n\n\n\n<ul class=\"wp-block-list\">\n<li>Euroopa mullakokkulepe;\u00a0<\/li>\n<\/ul>\n\n\n\n<ul class=\"wp-block-list\">\n<li>ookeani ja vete hea seisundi taastamine;\u00a0<\/li>\n<\/ul>\n\n\n\n<ul class=\"wp-block-list\">\n<li>kliimaneutraalsed ja targad linnad;\u00a0<\/li>\n<\/ul>\n\n\n\n<ul class=\"wp-block-list\">\n<li>kliimamuutustega kohanemine;\u00a0<\/li>\n<\/ul>\n\n\n\n<ul class=\"wp-block-list\">\n<li>v\u00e4hk.\u00a0\u00a0<\/li>\n<\/ul>\n\n\n\n<p><\/p>\n\n\n\n<p><\/p>\n\n\n\n<p><strong>V\u00e4himissioon<\/strong>\u00a0<\/p>\n\n\n\n<p>V\u00e4himissiooni eesm\u00e4rgiks on parandada rohkem kui 3 miljoni inimese elu aastaks 2030 l\u00e4bi parema ennetuse, ravi ja elukvaliteedi. V\u00e4himissioonil on neli peamist ambitsiooni:\u00a0<\/p>\n\n\n\n<ul class=\"wp-block-list\">\n<li>v\u00e4hist arusaamine;\u00a0<\/li>\n<\/ul>\n\n\n\n<ul class=\"wp-block-list\">\n<li>ennetus ja varajane tuvastus;\u00a0<\/li>\n<\/ul>\n\n\n\n<ul class=\"wp-block-list\">\n<li>diagnoosimine ja ravi;\u00a0<\/li>\n<\/ul>\n\n\n\n<ul class=\"wp-block-list\">\n<li>patsientide ja nende l\u00e4hedaste elukvaliteet.\u00a0<\/li>\n<\/ul>\n\n\n\n<p>Need eesm\u00e4rgid on \u00e4ra toodud ka v\u00e4himissiooni majas:\u00a0<\/p>\n\n\n\n<figure class=\"wp-block-image size-full\"><img loading=\"lazy\" decoding=\"async\" width=\"672\" height=\"421\" src=\"https:\/\/sisu.ut.ee\/wp-content\/uploads\/sites\/845\/image-3.png\" alt=\"\" class=\"wp-image-607\" srcset=\"https:\/\/sisu.ut.ee\/wp-content\/uploads\/sites\/845\/image-3.png 672w, https:\/\/sisu.ut.ee\/wp-content\/uploads\/sites\/845\/image-3-300x188.png 300w\" sizes=\"auto, (max-width: 672px) 100vw, 672px\"><\/figure>\n\n\n\n<p>Loe V\u00e4himissioonist t\u00e4psemalt <em>European Regions Research and Innovation Networ<\/em>k \u2013 <a href=\"https:\/\/errin.eu\/RI-Policy\/Missions\/Cancer\" data-type=\"link\" data-id=\"https:\/\/errin.eu\/RI-Policy\/Missions\/Cancer\">ERRIN kodulehek\u00fcljelt!<\/a><\/p>\n\n\n\n<p><strong>Rahastusv\u00f5imalused<\/strong><\/p>\n\n\n\n<ul class=\"wp-block-list\">\n<li><a href=\"https:\/\/research-and-innovation.ec.europa.eu\/funding\/funding-opportunities\/funding-programmes-and-open-calls\/horizon-europe_en\" target=\"_blank\" rel=\"noreferrer noopener\">Euroopa horisont<\/a>\u00a0<\/li>\n<\/ul>\n\n\n\n<ul class=\"wp-block-list\">\n<li><a href=\"https:\/\/ec.europa.eu\/info\/funding-tenders\/opportunities\/portal\/screen\/programmes\/eu4h\" target=\"_blank\" rel=\"noreferrer noopener\">EU4Health<\/a>\u00a0<\/li>\n<\/ul>\n\n\n\n<ul class=\"wp-block-list\">\n<li><a href=\"https:\/\/ec.europa.eu\/info\/funding-tenders\/opportunities\/portal\/screen\/programmes\/digital\" target=\"_blank\" rel=\"noreferrer noopener\">Digitaalse Euroopa programm<\/a>\u00a0<\/li>\n<\/ul>\n\n\n\n<ul class=\"wp-block-list\">\n<li><a href=\"https:\/\/ec.europa.eu\/info\/funding-tenders\/opportunities\/portal\/screen\/programmes\/euratom2027\" target=\"_blank\" rel=\"noreferrer noopener\">Euratom programm<\/a>\u00a0<\/li>\n<\/ul>\n\n\n\n<ul class=\"wp-block-list\">\n<li><a href=\"https:\/\/ec.europa.eu\/info\/funding-tenders\/opportunities\/portal\/screen\/programmes\/i3\" target=\"_blank\" rel=\"noreferrer noopener\">Piirkondade vahelise innovatsiooniinvesteeringute rahastamisvahend<\/a>\u00a0<\/li>\n<\/ul>\n\n\n\n<p><\/p>\n\n\n\n<p><\/p>\n\n\n\n<p><strong>Lisainfo:\u00a0<\/strong><\/p>\n\n\n\n<ul class=\"wp-block-list\">\n<li><a href=\"https:\/\/etag.ee\/uritus\/euroopa-horisondi-tervise-klastri-infoseminar\/\">ETAGi infoseminar<\/a><\/li>\n\n\n\n<li><a href=\"https:\/\/research-innovation-community.ec.europa.eu\/events\/2ZvkNXyGsLoGBfC8CtVcJt\/programme\">EL infop\u00e4evad<\/a><\/li>\n\n\n\n<li><a href=\"https:\/\/etag.ee\/valiskoostoo\/euroopa-horisont\/missioonid\/\" target=\"_blank\" rel=\"noreferrer noopener\">EL missioonid<\/a>\u00a0(ETAGi kodulehek\u00fcljel)<\/li>\n\n\n\n<li><a href=\"https:\/\/research-and-innovation.ec.europa.eu\/funding\/funding-opportunities\/funding-programmes-and-open-calls\/horizon-europe\/eu-missions-horizon-europe\/eu-mission-cancer_en\" target=\"_blank\" rel=\"noreferrer noopener\">V\u00e4himissiooni koduleht<\/a>\u00a0\u00a0<\/li>\n\n\n\n<li><a href=\"https:\/\/www.etag.ee\/wp-content\/uploads\/2021\/11\/cancer_implementation_plan_for_publication_final_v2.pdf\" target=\"_blank\" rel=\"noreferrer noopener\">V\u00e4himissiooni rakenduskava<\/a>\u00a0\u00a0<\/li>\n<\/ul>\n\n\n\n<p><\/p>\n","protected":false},"excerpt":{"rendered":"<p>Mis on Euroopa Liidu (EL) missioonid?\u00a0 EL missioonid on uus viis t\u00f6\u00f6tada v\u00e4lja konkreetsed lahendused suurimatele v\u00e4ljakutsetele. 2021. aasta s\u00fcgisel k\u00e4ivitati Euroopa Komisjoni poolt viis missiooni, mis peaks tulemusi andma aastaks 2030:\u00a0\u00a0 V\u00e4himissioon\u00a0 V\u00e4himissiooni eesm\u00e4rgiks on parandada rohkem kui 3 &#8230;<\/p>\n","protected":false},"author":703,"featured_media":0,"parent":0,"menu_order":0,"comment_status":"closed","ping_status":"closed","template":"","meta":{"_acf_changed":false,"inline_featured_image":false,"footnotes":""},"class_list":["post-397","page","type-page","status-publish","hentry"],"acf":[],"_links":{"self":[{"href":"https:\/\/estcan.ee\/et\/wp-json\/wp\/v2\/pages\/397","targetHints":{"allow":["GET"]}}],"collection":[{"href":"https:\/\/estcan.ee\/et\/wp-json\/wp\/v2\/pages"}],"about":[{"href":"https:\/\/estcan.ee\/et\/wp-json\/wp\/v2\/types\/page"}],"author":[{"embeddable":true,"href":"https:\/\/estcan.ee\/et\/wp-json\/wp\/v2\/users\/703"}],"replies":[{"embeddable":true,"href":"https:\/\/estcan.ee\/et\/wp-json\/wp\/v2\/comments?post=397"}],"version-history":[{"count":11,"href":"https:\/\/estcan.ee\/et\/wp-json\/wp\/v2\/pages\/397\/revisions"}],"predecessor-version":[{"id":1489,"href":"https:\/\/estcan.ee\/et\/wp-json\/wp\/v2\/pages\/397\/revisions\/1489"}],"wp:attachment":[{"href":"https:\/\/estcan.ee\/et\/wp-json\/wp\/v2\/media?parent=397"}],"curies":[{"name":"wp","href":"https:\/\/api.w.org\/{rel}","templated":true}]}}