{"id":386,"date":"2025-01-29T11:21:05","date_gmt":"2025-01-29T09:21:05","guid":{"rendered":"https:\/\/sisu.ut.ee\/estcan\/?page_id=386"},"modified":"2025-07-03T11:27:11","modified_gmt":"2025-07-03T08:27:11","slug":"vahitorjetegevuskava","status":"publish","type":"page","link":"https:\/\/estcan.ee\/et\/vahitorjetegevuskava\/","title":{"rendered":"Eesti v\u00e4hit\u00f5rje tegevuskava"},"content":{"rendered":"<p><\/p>\n\n\n\n<p><\/p>\n\n\n\n<p class=\"has-regular-font-size\">Eesti v\u00e4hit\u00f5rje v\u00f5rgustik tugineb oma tegevuses <strong><a href=\"https:\/\/www.sm.ee\/sites\/default\/files\/content-editors\/Tervishoid\/Vahiravi\/vahitorje_tegevuskava_2021-2030.pdf\">Eesti v\u00e4hit\u00f5rje tegevuskava 2021-2030<\/a><\/strong> eesm\u00e4rkidele.<\/p>\n\n\n\n<p class=\"has-regular-font-size\">Eesti v\u00e4hit\u00f5rje tegevuskava 2021-2030 koostamisel osales \u00fcle saja Eesti eksperdi erinevatest eluvaldkondadest: arstid, \u00f5ed, patsientide esindajad, teadlased jne. Tegevuskava kirjeldab Eesti seniseid v\u00e4hivaldkonna edusamme ja vajakaj\u00e4\u00e4misi ning seab prioriteedid edasiseks: kuidas tulla toime v\u00e4hit\u00f5rje ja tervishoius\u00fcsteemi ees seisvate katsumustega, tagada igale patsiendile parim v\u00f5imalik ravitulemus ning toetada v\u00e4hiteekonnal patsiente ja nende l\u00e4hedasi.\u00a0<\/p>\n\n\n\n<p>V\u00e4hit\u00f5rjel on kolm suurt eesm\u00e4rki: <\/p>\n\n\n\n<ul class=\"wp-block-list\">\n<li>v\u00e4hki haigestub Eestis v\u00e4hem inimesi<\/li>\n<\/ul>\n\n\n\n<ul class=\"wp-block-list\">\n<li>inimesed elavad p\u00e4rast v\u00e4hidiagnoosi kauem ja tervemana<\/li>\n<\/ul>\n\n\n\n<ul class=\"wp-block-list\">\n<li>v\u00e4hkt\u00f5vega elavate inimeste elukvaliteet on parem.\u00a0<\/li>\n<\/ul>\n\n\n\n<p><\/p>\n\n\n\n<p class=\"has-regular-font-size\">Ekspertidest kokku pandud t\u00f6\u00f6r\u00fchmad s\u00f5nastasid v\u00e4hit\u00f5rje tegevuskava koostades oma valdkonna probleemid, eesm\u00e4rgid ning nende saavutamiseks vajalikud tegevused.  Kokku moodustati 15 teemaplokki, kuhu on koondatud \u00fcle 200 eesm\u00e4rgi ja rakendustegevuse aastani 2030.<\/p>\n\n\n\n<p>Tegevuskava koosneb 15 teemast:<\/p>\n\n\n\n<ol class=\"wp-block-list\">\n<li>ESMANE ENNETUS<\/li>\n\n\n\n<li>S\u00d5ELUURINGUD<\/li>\n\n\n\n<li>\u00d5IGEAEGNE DIAGNOOSIMINE<\/li>\n\n\n\n<li>PILTDIAGNOSTIKA<\/li>\n\n\n\n<li>PATOLOOGIA, MOLEKULAARDIAGNOSTIKA<\/li>\n\n\n\n<li>KIRURGILINE RAVI<\/li>\n\n\n\n<li>S\u00dcSTEEMRAVI<\/li>\n\n\n\n<li>KIIRITUSRAVI<\/li>\n\n\n\n<li>PALLIATIIVNE JA ELUL\u00d5PURAVI<\/li>\n\n\n\n<li>TAASTUSRAVI JA REHABILITATSIOON<\/li>\n\n\n\n<li>HEMATOLOOGIA<\/li>\n\n\n\n<li>LASTE JA NOORTE ONKOLOOGIA JA HEMATOLOOGIA<\/li>\n\n\n\n<li>ELU V\u00c4HIGA JA P\u00c4RAST V\u00c4HKI<\/li>\n\n\n\n<li>V\u00c4HIANDMED<\/li>\n\n\n\n<li>KVALIFITSEERITUD JA MOTIVEERITUD T\u00d6\u00d6TAJAD<\/li>\n<\/ol>\n\n\n\n<p><\/p>\n\n\n\n<p><strong>V\u00e4hit\u00f5rje juhtr\u00fchm\u00a0<\/strong>\u00a0<\/p>\n\n\n\n<p class=\"has-regular-font-size\">2022. aasta l\u00f5pus moodustati Sotsiaalministeeriumi eestvedamisel V\u00e4hit\u00f5rje juhtr\u00fchm, kes j\u00e4lgib v\u00e4hit\u00f5rje tegevuskava eesm\u00e4rkide rakendumist arvestades tegevuste prioriteetsust ja realiseeritavust ning seirates nende m\u00f5ju v\u00e4hi epidemioloogilisele olukorrale ja v\u00e4hiravile.\u00a0Lisainfot juhtr\u00fchma kohta leiab <a href=\"https:\/\/www.sm.ee\/vahitorje-juhtruhm\" data-type=\"link\" data-id=\"https:\/\/www.sm.ee\/vahitorje-juhtruhm\" target=\"_blank\" rel=\"noreferrer noopener\">Sotsiaalministeeriumi kodulehelt.<\/a>\u00a0<\/p>\n\n\n\n<p><\/p>\n\n\n\n<p class=\"has-regular-font-size\">Rohkem infot Eesti v\u00e4hit\u00f5rje tegevuskava kohta on leitav <a href=\"https:\/\/www.sm.ee\/vahitorje-tegevuskava\" data-type=\"link\" data-id=\"https:\/\/www.sm.ee\/vahitorje-tegevuskava\" target=\"_blank\" rel=\"noreferrer noopener\">Sotsiaalministeeriumi kodulehelt<\/a><\/p>\n\n\n\n<p class=\"has-regular-font-size\" id=\"EestiV\u00e4hit\u00f5rjeTegevuskava\"><strong>Eesti v\u00e4hit\u00f5rje tegevuskava 2021-2030<\/strong> saab <strong>lugeda <\/strong>ja <strong>alla laadida<\/strong> <a href=\"https:\/\/www.sm.ee\/sites\/default\/files\/content-editors\/Tervishoid\/Vahiravi\/vahitorje_tegevuskava_2021-2030.pdf\" target=\"_blank\" rel=\"noreferrer noopener\">Tervise Arengu Instituudi kodulehelt.<\/a>\u00a0<\/p>\n","protected":false},"excerpt":{"rendered":"<p>Eesti v\u00e4hit\u00f5rje v\u00f5rgustik tugineb oma tegevuses Eesti v\u00e4hit\u00f5rje tegevuskava 2021-2030 eesm\u00e4rkidele. Eesti v\u00e4hit\u00f5rje tegevuskava 2021-2030 koostamisel osales \u00fcle saja Eesti eksperdi erinevatest eluvaldkondadest: arstid, \u00f5ed, patsientide esindajad, teadlased jne. Tegevuskava kirjeldab Eesti seniseid v\u00e4hivaldkonna edusamme ja vajakaj\u00e4\u00e4misi ning seab prioriteedid &#8230;<\/p>\n","protected":false},"author":703,"featured_media":0,"parent":0,"menu_order":0,"comment_status":"closed","ping_status":"closed","template":"","meta":{"_acf_changed":false,"inline_featured_image":false,"footnotes":""},"class_list":["post-386","page","type-page","status-publish","hentry"],"acf":[],"_links":{"self":[{"href":"https:\/\/estcan.ee\/et\/wp-json\/wp\/v2\/pages\/386","targetHints":{"allow":["GET"]}}],"collection":[{"href":"https:\/\/estcan.ee\/et\/wp-json\/wp\/v2\/pages"}],"about":[{"href":"https:\/\/estcan.ee\/et\/wp-json\/wp\/v2\/types\/page"}],"author":[{"embeddable":true,"href":"https:\/\/estcan.ee\/et\/wp-json\/wp\/v2\/users\/703"}],"replies":[{"embeddable":true,"href":"https:\/\/estcan.ee\/et\/wp-json\/wp\/v2\/comments?post=386"}],"version-history":[{"count":25,"href":"https:\/\/estcan.ee\/et\/wp-json\/wp\/v2\/pages\/386\/revisions"}],"predecessor-version":[{"id":1556,"href":"https:\/\/estcan.ee\/et\/wp-json\/wp\/v2\/pages\/386\/revisions\/1556"}],"wp:attachment":[{"href":"https:\/\/estcan.ee\/et\/wp-json\/wp\/v2\/media?parent=386"}],"curies":[{"name":"wp","href":"https:\/\/api.w.org\/{rel}","templated":true}]}}