{"id":235,"date":"2024-11-19T15:34:01","date_gmt":"2024-11-19T13:34:01","guid":{"rendered":"https:\/\/sisu.ut.ee\/estcan\/?page_id=235"},"modified":"2025-03-10T09:36:44","modified_gmt":"2025-03-10T07:36:44","slug":"tegevused","status":"publish","type":"page","link":"https:\/\/estcan.ee\/et\/tegevused\/","title":{"rendered":"Tegevused"},"content":{"rendered":"<p>Eesti v\u00e4hit\u00f5rje v\u00f5rgustik osaleb riiklikes ja rahvusvahelistes projektides vaatleja, osaleja v\u00f5i koordinaatorina. Hoiame silma peal tervishoiu ja v\u00e4hi maastikul ning p\u00fc\u00fcame olla kursis ja osaleda s\u00fcndmuste kujundamisel. Palun vaadake alammen\u00fc\u00fcsid, et saada t\u00e4psemat infot projektide, plaanide, raportide ja muude tegevuste kohta, mida soovime oma sidusr\u00fchmadega jagada.<\/p>\n","protected":false},"excerpt":{"rendered":"<p>Eesti v\u00e4hit\u00f5rje v\u00f5rgustik osaleb riiklikes ja rahvusvahelistes projektides vaatleja, osaleja v\u00f5i koordinaatorina. Hoiame silma peal tervishoiu ja v\u00e4hi maastikul ning p\u00fc\u00fcame olla kursis ja osaleda s\u00fcndmuste kujundamisel. Palun vaadake alammen\u00fc\u00fcsid, et saada t\u00e4psemat infot projektide, plaanide, raportide ja muude tegevuste &#8230;<\/p>\n","protected":false},"author":703,"featured_media":0,"parent":0,"menu_order":0,"comment_status":"closed","ping_status":"closed","template":"","meta":{"_acf_changed":false,"inline_featured_image":false,"footnotes":""},"class_list":["post-235","page","type-page","status-publish","hentry"],"acf":[],"_links":{"self":[{"href":"https:\/\/estcan.ee\/et\/wp-json\/wp\/v2\/pages\/235","targetHints":{"allow":["GET"]}}],"collection":[{"href":"https:\/\/estcan.ee\/et\/wp-json\/wp\/v2\/pages"}],"about":[{"href":"https:\/\/estcan.ee\/et\/wp-json\/wp\/v2\/types\/page"}],"author":[{"embeddable":true,"href":"https:\/\/estcan.ee\/et\/wp-json\/wp\/v2\/users\/703"}],"replies":[{"embeddable":true,"href":"https:\/\/estcan.ee\/et\/wp-json\/wp\/v2\/comments?post=235"}],"version-history":[{"count":15,"href":"https:\/\/estcan.ee\/et\/wp-json\/wp\/v2\/pages\/235\/revisions"}],"predecessor-version":[{"id":1805,"href":"https:\/\/estcan.ee\/et\/wp-json\/wp\/v2\/pages\/235\/revisions\/1805"}],"wp:attachment":[{"href":"https:\/\/estcan.ee\/et\/wp-json\/wp\/v2\/media?parent=235"}],"curies":[{"name":"wp","href":"https:\/\/api.w.org\/{rel}","templated":true}]}}