{"id":1143,"date":"2025-03-12T16:05:11","date_gmt":"2025-03-12T14:05:11","guid":{"rendered":"https:\/\/sisu.ut.ee\/estcan\/?page_id=1143"},"modified":"2025-03-12T16:22:12","modified_gmt":"2025-03-12T14:22:12","slug":"vahiprojektide-tooriist","status":"publish","type":"page","link":"https:\/\/estcan.ee\/et\/vahiprojektide-tooriist\/","title":{"rendered":"V\u00e4hiprojektide t\u00f6\u00f6riist"},"content":{"rendered":"<p><br>Kasutage seda interaktiivset vahendit, et leida s\u00fcnergiat ja seoseid programmi \u201eHorisont Euroopa\u201c ja EU4Health rahastatud v\u00e4hkt\u00f5vega seotud projektide vahel.<\/p>\n\n\n\n<figure class=\"wp-block-image size-large\"><a href=\"https:\/\/knowledge4policy.ec.europa.eu\/visualisation\/cancer-projects-tool_en\" target=\"_blank\" rel=\"noreferrer noopener\"><img loading=\"lazy\" decoding=\"async\" width=\"1024\" height=\"764\" src=\"https:\/\/sisu.ut.ee\/wp-content\/uploads\/sites\/845\/cancer_projects_tool-1024x764.png\" alt=\"\" class=\"wp-image-1138\" srcset=\"https:\/\/sisu.ut.ee\/wp-content\/uploads\/sites\/845\/cancer_projects_tool-1024x764.png 1024w, https:\/\/sisu.ut.ee\/wp-content\/uploads\/sites\/845\/cancer_projects_tool-300x224.png 300w, https:\/\/sisu.ut.ee\/wp-content\/uploads\/sites\/845\/cancer_projects_tool-768x573.png 768w, https:\/\/sisu.ut.ee\/wp-content\/uploads\/sites\/845\/cancer_projects_tool.png 1198w\" sizes=\"auto, (max-width: 1024px) 100vw, 1024px\"><\/a><\/figure>\n\n\n\n<figure class=\"wp-block-image alignright size-full is-resized\"><img loading=\"lazy\" decoding=\"async\" width=\"253\" height=\"253\" src=\"https:\/\/sisu.ut.ee\/wp-content\/uploads\/sites\/845\/european-commission_0.jpg\" alt=\"\" class=\"wp-image-806\" style=\"width:148px\" srcset=\"https:\/\/sisu.ut.ee\/wp-content\/uploads\/sites\/845\/european-commission_0.jpg 253w, https:\/\/sisu.ut.ee\/wp-content\/uploads\/sites\/845\/european-commission_0-150x150.jpg 150w\" sizes=\"auto, (max-width: 253px) 100vw, 253px\"><\/figure>\n","protected":false},"excerpt":{"rendered":"<p>Kasutage seda interaktiivset vahendit, et leida s\u00fcnergiat ja seoseid programmi \u201eHorisont Euroopa\u201c ja EU4Health rahastatud v\u00e4hkt\u00f5vega seotud projektide vahel.<\/p>\n","protected":false},"author":703,"featured_media":0,"parent":0,"menu_order":0,"comment_status":"closed","ping_status":"closed","template":"","meta":{"_acf_changed":false,"inline_featured_image":false,"footnotes":""},"class_list":["post-1143","page","type-page","status-publish","hentry"],"acf":[],"_links":{"self":[{"href":"https:\/\/estcan.ee\/et\/wp-json\/wp\/v2\/pages\/1143","targetHints":{"allow":["GET"]}}],"collection":[{"href":"https:\/\/estcan.ee\/et\/wp-json\/wp\/v2\/pages"}],"about":[{"href":"https:\/\/estcan.ee\/et\/wp-json\/wp\/v2\/types\/page"}],"author":[{"embeddable":true,"href":"https:\/\/estcan.ee\/et\/wp-json\/wp\/v2\/users\/703"}],"replies":[{"embeddable":true,"href":"https:\/\/estcan.ee\/et\/wp-json\/wp\/v2\/comments?post=1143"}],"version-history":[{"count":3,"href":"https:\/\/estcan.ee\/et\/wp-json\/wp\/v2\/pages\/1143\/revisions"}],"predecessor-version":[{"id":1154,"href":"https:\/\/estcan.ee\/et\/wp-json\/wp\/v2\/pages\/1143\/revisions\/1154"}],"wp:attachment":[{"href":"https:\/\/estcan.ee\/et\/wp-json\/wp\/v2\/media?parent=1143"}],"curies":[{"name":"wp","href":"https:\/\/api.w.org\/{rel}","templated":true}]}}